{"id":31,"date":"2012-12-25T18:03:33","date_gmt":"2012-12-25T16:03:33","guid":{"rendered":"https:\/\/antagonist.info\/?page_id=31"},"modified":"2014-07-23T14:57:25","modified_gmt":"2014-07-23T12:57:25","slug":"audio","status":"publish","type":"page","link":"https:\/\/antagonist.info\/?page_id=31","title":{"rendered":"Audio &#8211; Alben"},"content":{"rendered":"<p>&#8212;&#8212;&#8212;&#8212;&#8212;&#8212;&#8212;&#8212;&#8212;&#8212;&#8212;&#8212;&#8212;&#8212;&#8212;&#8212;&#8212;&#8212;&#8212;&#8212;&#8212;&#8212;&#8212;&#8212;<br \/>\n<span style=\"text-decoration: underline;\"><strong>Antagonist Demo 2008<\/strong><\/span><\/p>\n<p><em>Das zu seiner Zeit aus verschiedenen Gr\u00fcnden nicht ver\u00f6ffentlichte Demo 2008. Leider fehlen 3 Songs, die nicht besungen wurden, k\u00f6nnte aber sein dass wir die noch nachreichen.<\/em><br \/>\n<em> Dateigr\u00f6\u00dfe: 37.76 MB<\/em><\/p>\n<p><a title=\"Download Demo 2008\" href=\"https:\/\/antagonist.info\/wp-content\/uploads\/2012\/12\/antagonist-demo-2008.zip\">Download Demo 2008<\/a><br \/>\n&#8212;&#8212;&#8212;&#8212;&#8212;&#8212;&#8212;&#8212;&#8212;&#8212;&#8212;&#8212;&#8212;&#8212;&#8212;&#8212;&#8212;&#8212;&#8212;&#8212;&#8212;&#8212;&#8212;&#8212;<\/p>\n<p><strong><span style=\"text-decoration: underline;\">Antagonist &#8211; Demons (CD 2006 )<\/span><\/strong><\/p>\n<p><a href=\"https:\/\/antagonist.info\/?attachment_id=83\" rel=\"attachment wp-att-83\"><img loading=\"lazy\" decoding=\"async\" class=\"alignnone size-thumbnail wp-image-83\" src=\"https:\/\/antagonist.info\/wp-content\/uploads\/2012\/12\/demons-150x150.jpg\" alt=\"Cover Demons\" width=\"150\" height=\"150\" \/><\/a><\/p>\n<p><em>Das komplette Demons Album zum kostenlosen Download.<\/em><br \/>\n<em> Dateigr\u00f6\u00dfe: 28.91 MB<\/em><\/p>\n<p><a title=\"Downloads Demons\" href=\"https:\/\/antagonist.info\/wp-content\/uploads\/2012\/12\/antagonist-demons-2004.zip\">Download Demons<br \/>\n<\/a><br \/>\nTracklist:<br \/>\n1. Under a silverstream<br \/>\n2. Incessant rain<br \/>\n3. Civitas dei<br \/>\n4. Beastmaster<br \/>\n5. Mondblut<br \/>\n6. Usurpation<br \/>\n7. The fall of mankind<br \/>\n8. The next killing generation<br \/>\n&#8212;&#8212;&#8212;&#8212;&#8212;&#8212;&#8212;&#8212;&#8212;&#8212;&#8212;&#8212;&#8212;&#8212;&#8212;&#8212;&#8212;&#8212;&#8212;&#8212;&#8212;&#8212;&#8212;&#8212;<br \/>\n<strong><span style=\"text-decoration: underline;\">Antagonist &#8211; New Zombie Dead (M-CD Aug. 2002 )<\/span><\/strong><\/p>\n<p><a href=\"https:\/\/antagonist.info\/?attachment_id=85\" rel=\"attachment wp-att-85\"><img loading=\"lazy\" decoding=\"async\" class=\"alignnone size-thumbnail wp-image-85\" src=\"https:\/\/antagonist.info\/wp-content\/uploads\/2012\/12\/nzd_front-150x150.jpg\" alt=\"Cover New Zombie Dead\" width=\"150\" height=\"150\" \/><\/a><\/p>\n<p><em>Die komplette &#8222;New Zombie Dead&#8220; M-CD<\/em><br \/>\n<em>Dateigr\u00f6\u00dfe: 28.09 MB<\/em><\/p>\n<p><a title=\"Download New Zombie Dead\" href=\"https:\/\/antagonist.info\/wp-content\/uploads\/2012\/12\/antagonist_nzd.zip\">Download New Zombie Dead<\/a><\/p>\n<p>Tracklist:<br \/>\n1. New zombie dead<br \/>\n2. Fade out<br \/>\n3. Embrace the fireball<br \/>\n4. Moccasins<br \/>\n5. Shefanow<br \/>\n&#8212;&#8212;&#8212;&#8212;&#8212;&#8212;&#8212;&#8212;&#8212;&#8212;&#8212;&#8212;&#8212;&#8212;&#8212;&#8212;&#8212;&#8212;&#8212;&#8212;&#8212;&#8212;&#8212;&#8212;<br \/>\n<span style=\"text-decoration: underline;\"><strong>Antagonist &#8211; Perfect human comprehension (CD Dez. 1999)<\/strong><\/span><\/p>\n<p><a href=\"https:\/\/antagonist.info\/?attachment_id=86\" rel=\"attachment wp-att-86\"><img loading=\"lazy\" decoding=\"async\" class=\"alignnone size-thumbnail wp-image-86\" src=\"https:\/\/antagonist.info\/wp-content\/uploads\/2012\/12\/phc_front-150x150.jpg\" alt=\"Cover Perfect Human Comprehension\" width=\"150\" height=\"150\" \/><\/a><\/p>\n<p><em>Das komplette &#8222;Perfect Human Comprehension&#8220; Album zum kostenlosen download.<\/em><br \/>\n<em>Dateigr\u00f6\u00dfe: 56.43 MB<\/em><\/p>\n<p><a title=\"Download Perfect Human Comprehension\" href=\"https:\/\/antagonist.info\/wp-content\/uploads\/2012\/12\/antagonist_phc.zip\">Download PHC<\/a><\/p>\n<p>Tracklist:<br \/>\n1. Recharged<br \/>\n2. The traveller<br \/>\n3. Misanthrophist<br \/>\n4. Angry mob<br \/>\n5. Gathering storm<br \/>\n6. No mourning<br \/>\n7. Chaos<br \/>\n8. Mindprophets<br \/>\n&#8212;&#8212;&#8212;&#8212;&#8212;&#8212;&#8212;&#8212;&#8212;&#8212;&#8212;&#8212;&#8212;&#8212;&#8212;&#8212;&#8212;&#8212;&#8212;&#8212;&#8212;&#8212;&#8212;&#8212;<br \/>\n<strong>Antagonist &#8211; Mosaik (CD 1992)<\/strong><\/p>\n<p><a href=\"https:\/\/antagonist.info\/?attachment_id=87\" rel=\"attachment wp-att-87\"><img loading=\"lazy\" decoding=\"async\" class=\"alignnone size-thumbnail wp-image-87\" src=\"https:\/\/antagonist.info\/wp-content\/uploads\/2012\/12\/mosaik_front-150x150.jpg\" alt=\"Cover Mosaik\" width=\"150\" height=\"150\" srcset=\"https:\/\/antagonist.info\/wp-content\/uploads\/2012\/12\/mosaik_front-150x150.jpg 150w, https:\/\/antagonist.info\/wp-content\/uploads\/2012\/12\/mosaik_front.jpg 250w\" sizes=\"auto, (max-width: 150px) 100vw, 150px\" \/><\/a><\/p>\n<p><em>Die komplette Debut CD der Antagonisten von 1995.<\/em><br \/>\n<em>Dateigr\u00f6\u00dfe: 34.48 MB<\/em><\/p>\n<p><a title=\"antagonist_mosaik.zip\" href=\"https:\/\/antagonist.info\/wp-content\/uploads\/2012\/12\/antagonist_mosaik.zip\">Download Mosaik<\/a><\/p>\n<p>Tracklist:<\/p>\n<p>1. Enigmatic thoughts<br \/>\n2. Nervous system error<br \/>\n3. Invisible superior<br \/>\n4. Land of daily news<br \/>\n5. Not like that<br \/>\n6. Dependent or innocent<br \/>\n&#8212;&#8212;&#8212;&#8212;&#8212;&#8212;&#8212;&#8212;&#8212;&#8212;&#8212;&#8212;&#8212;&#8212;&#8212;&#8212;&#8212;&#8212;&#8212;&#8212;&#8212;&#8212;&#8212;&#8212;<\/p>\n","protected":false},"excerpt":{"rendered":"<p>&#8212;&#8212;&#8212;&#8212;&#8212;&#8212;&#8212;&#8212;&#8212;&#8212;&#8212;&#8212;&#8212;&#8212;&#8212;&#8212;&#8212;&#8212;&#8212;&#8212;&#8212;&#8212;&#8212;&#8212; Antagonist Demo 2008 Das zu seiner Zeit aus verschiedenen Gr\u00fcnden nicht ver\u00f6ffentlichte Demo 2008. Leider fehlen 3 Songs, die nicht besungen wurden, k\u00f6nnte aber sein dass wir die noch nachreichen. Dateigr\u00f6\u00dfe: 37.76 MB Download Demo 2008 &#8212;&#8212;&#8212;&#8212;&#8212;&#8212;&#8212;&#8212;&#8212;&#8212;&#8212;&#8212;&#8212;&#8212;&#8212;&#8212;&#8212;&#8212;&#8212;&#8212;&#8212;&#8212;&#8212;&#8212; Antagonist &#8211; Demons (CD 2006 ) Das komplette Demons Album zum kostenlosen Download. Dateigr\u00f6\u00dfe: 28.91 MB Download [&hellip;]<\/p>\n","protected":false},"author":1,"featured_media":0,"parent":11,"menu_order":0,"comment_status":"closed","ping_status":"closed","template":"","meta":{"ngg_post_thumbnail":0,"footnotes":""},"class_list":["post-31","page","type-page","status-publish","hentry"],"_links":{"self":[{"href":"https:\/\/antagonist.info\/index.php?rest_route=\/wp\/v2\/pages\/31","targetHints":{"allow":["GET"]}}],"collection":[{"href":"https:\/\/antagonist.info\/index.php?rest_route=\/wp\/v2\/pages"}],"about":[{"href":"https:\/\/antagonist.info\/index.php?rest_route=\/wp\/v2\/types\/page"}],"author":[{"embeddable":true,"href":"https:\/\/antagonist.info\/index.php?rest_route=\/wp\/v2\/users\/1"}],"replies":[{"embeddable":true,"href":"https:\/\/antagonist.info\/index.php?rest_route=%2Fwp%2Fv2%2Fcomments&post=31"}],"version-history":[{"count":19,"href":"https:\/\/antagonist.info\/index.php?rest_route=\/wp\/v2\/pages\/31\/revisions"}],"predecessor-version":[{"id":203,"href":"https:\/\/antagonist.info\/index.php?rest_route=\/wp\/v2\/pages\/31\/revisions\/203"}],"up":[{"embeddable":true,"href":"https:\/\/antagonist.info\/index.php?rest_route=\/wp\/v2\/pages\/11"}],"wp:attachment":[{"href":"https:\/\/antagonist.info\/index.php?rest_route=%2Fwp%2Fv2%2Fmedia&parent=31"}],"curies":[{"name":"wp","href":"https:\/\/api.w.org\/{rel}","templated":true}]}}