{"id":165,"date":"2012-12-26T12:09:38","date_gmt":"2012-12-26T10:09:38","guid":{"rendered":"https:\/\/antagonist.info\/?page_id=165"},"modified":"2012-12-26T12:10:52","modified_gmt":"2012-12-26T10:10:52","slug":"bericht-benefiz","status":"publish","type":"page","link":"https:\/\/antagonist.info\/?page_id=165","title":{"rendered":"Bericht Benefiz"},"content":{"rendered":"<p>Als wir gegen 21.30 Uhr auf die B\u00fchne gingen, war das Wehrschloss mit gut zweihundert Leuten ziemlich gut gef\u00fcllt. Wir begannen diesmal unseren Auftritt mit einem alten Song, den wir in Bremen sonst meistens als Zugabe spielen m\u00fcssen. Nach \u201eNot Like That\u201c folgte dann im direkten Anschluss der Opener und Titelsong unserer aktuellen M-CD \u201eNew Zombie Dead\u201c.<\/p>\n<p>Unser Gig bestand aus der kompletten M-CD, die vom Bremer Publikum sehr gut aufgenommen wurde, sowie einigen anderen Songs von der \u201ePerfect Human Comprehension\u201c. Als Zugabe, die von den Leuten gefordert wurde, spielten wir noch den Opener von der \u201ePerfect&#8230;\u201c \u201eRecharged\u201c und als letzten Song, den wir jetzt wohl nicht mehr Live pr\u00e4sentieren werden \u201eZombie Ritual\u201c von DEATH.<\/p>\n<p>Der komplette Auftritt war die reinste Freude f\u00fcr uns, da wir vom Publikum abgefeiert wurden wie noch nie. Laute ANTAGONIST rufe zwischen den einzelnen Songs, best\u00e4tigten dies. Da dieser Abend als Benefiz Konzert zugunsten des Chuck Schuldiner Medical Found lief, haben wir uns kurzfristig dazu entschieden, die Einnahmen der CD\u00b4s die wir an diesem Abend verkaufen, auch zu spenden. So kamen alleine durch die CD verk\u00e4ufe von unserer Seite 110 Euro zusammen, die in dieser Woche \u00fcberwiesen werden.<\/p>\n<p>Wieviel Gelder von Seiten des Veranstalters auf das Konto des Chuck Schuldiner Medical Found gehen, stand zum Zeitpunkt als dieser Bericht verfasst wurde noch fest. Wenn wir diese Information haben, werden wir sie an Euch weitergeben.<\/p>\n<p>Als Headliner traten an diesem Abend dann \u201eDie Paten\u201c auf, leider aber ohne die Leute von Disbelief.Diese spielten ausschlie\u00dflich Songs von bekannten Metal Bands nach. Im Programm hatten sie unter anderen Tracks von \u201eFear Factory\u201c, \u201eEntombed\u201c, \u201eMachine Head\u201c, \u201eSix Feet Under\u201c, \u201eSlayer\u201c oder \u201eHypocrisy\u201c sowie noch ein paar anderen Bands.Die Stimmung beim Publikum hielt auch beim ihrem Auftritt den Pegel, der auch schon bei ANTAGONIST festzustellen war.<\/p>\n<p>Alles in allem, kann man von einer klasse Veranstaltung sprechen, mit der sowohl das Publikum, als auch die Bands mehr als zufrieden sein k\u00f6nnen.<br \/>\nDemn\u00e4chst werdet ihr in unserer Galerie noch Bilder von diesem Event finden, also schaut demn\u00e4chst mal wieder auf unserer Seite vorbei.<\/p>\n","protected":false},"excerpt":{"rendered":"<p>Als wir gegen 21.30 Uhr auf die B\u00fchne gingen, war das Wehrschloss mit gut zweihundert Leuten ziemlich gut gef\u00fcllt. Wir begannen diesmal unseren Auftritt mit einem alten Song, den wir in Bremen sonst meistens als Zugabe spielen m\u00fcssen. Nach \u201eNot Like That\u201c folgte dann im direkten Anschluss der Opener und Titelsong unserer aktuellen M-CD \u201eNew [&hellip;]<\/p>\n","protected":false},"author":1,"featured_media":0,"parent":141,"menu_order":5,"comment_status":"closed","ping_status":"closed","template":"","meta":{"ngg_post_thumbnail":0,"footnotes":""},"class_list":["post-165","page","type-page","status-publish","hentry"],"_links":{"self":[{"href":"https:\/\/antagonist.info\/index.php?rest_route=\/wp\/v2\/pages\/165","targetHints":{"allow":["GET"]}}],"collection":[{"href":"https:\/\/antagonist.info\/index.php?rest_route=\/wp\/v2\/pages"}],"about":[{"href":"https:\/\/antagonist.info\/index.php?rest_route=\/wp\/v2\/types\/page"}],"author":[{"embeddable":true,"href":"https:\/\/antagonist.info\/index.php?rest_route=\/wp\/v2\/users\/1"}],"replies":[{"embeddable":true,"href":"https:\/\/antagonist.info\/index.php?rest_route=%2Fwp%2Fv2%2Fcomments&post=165"}],"version-history":[{"count":3,"href":"https:\/\/antagonist.info\/index.php?rest_route=\/wp\/v2\/pages\/165\/revisions"}],"predecessor-version":[{"id":169,"href":"https:\/\/antagonist.info\/index.php?rest_route=\/wp\/v2\/pages\/165\/revisions\/169"}],"up":[{"embeddable":true,"href":"https:\/\/antagonist.info\/index.php?rest_route=\/wp\/v2\/pages\/141"}],"wp:attachment":[{"href":"https:\/\/antagonist.info\/index.php?rest_route=%2Fwp%2Fv2%2Fmedia&parent=165"}],"curies":[{"name":"wp","href":"https:\/\/api.w.org\/{rel}","templated":true}]}}