{"id":152,"date":"2012-12-26T12:01:07","date_gmt":"2012-12-26T10:01:07","guid":{"rendered":"https:\/\/antagonist.info\/?page_id=152"},"modified":"2012-12-26T12:01:07","modified_gmt":"2012-12-26T10:01:07","slug":"weitere-reviews-w-o-a","status":"publish","type":"page","link":"https:\/\/antagonist.info\/?page_id=152","title":{"rendered":"Weitere Reviews W.O.A."},"content":{"rendered":"<p><strong>www.Powermetal.de<\/strong><\/p>\n<p>&#8222;Himmel, ich bin zu sp\u00e4t!&#8220; schoss es mir durch den pflichtbewussten Kopf, als ich um 11.45 Uhr zum Eingang kam und dort eine enorme Menschenmasse auf Einlass wartete. ANTAGONIST sollten um 12 Uhr beginnen, und nun musste ich mich noch einige Zeit gedulden. Als ich dann eine halbe Stunde sp\u00e4ter durch den Sumpf zur W.E.T.-Stage gestapft war, war man auf der B\u00fchne noch mit Aufbauarbeiten besch\u00e4ftigt. Bei der Technik erkundigte ich mich und bekam mitgeteilt, dass ANTAGONIST erst gegen 13 Uhr anfangen w\u00fcrden. Klasse; mal wieder Hektik f\u00fcr nichts. Das Zelt f\u00fcllte sich so langsam, und immer mehr JUSTICE-T-Shirts bekam ich zu Gesicht; kein Wunder, denn die sollten ja um 13.15 Uhr anfangen. Diese enorme Versp\u00e4tung war nun wirklich kein gutes Omen f\u00fcr die Band aus Bremen, denn die versammelte JUSTICE-Fangemeinde begann denn auch vor und w\u00e4hrend des Gigs lautstark nach der erwarteten Band zu verlangen. ANTAGONIST machten das Beste aus ihrer Situation; sie hatten allerdings neben den Leuten, die eine andere Band sehen wollten, noch mit miesem Sound und einem angeknacksten Kn\u00f6chel des S\u00e4ngers zu k\u00e4mpfen. Das wirklich gute Schlagzeuggewitter, was man wohl eher als Sturm bezeichnen k\u00f6nnte, stand im Vordergrund, die kraftvolle Stimme wurde leider nur allzuoft von den anderen Instrumenten in den Hintergrund gedr\u00e4ngt, und eine Melodief\u00fchrung war nicht wirklich erkennbar, was entweder daran lag, dass einfach ein zweiter Gitarrist fehlte, oder dass gar keine vorgesehen war. Diejenigen Leute, die auf den aggressiven Trash \/ Death Metal (und das um diese Uhrzeit) abfuhren, schwangen auch schon eifrig die K\u00f6pfe, aber so richtig wollte keine gute Stimmung aufkommen. Ich f\u00fcr meinen Teil war nun zumindest wirklich wach! ANTAGONIST hatten in Wacken sehr schlechte Voraussetzungen, und vielleicht geben diejenigen Leute, die ihren Sound m\u00f6gen, ihnen mal andernortes eine neue Chance, verdient haben sie das allemal.<br \/>\n[Hjalana]<\/p>\n<p><strong>von www.metalgang.de<\/strong><\/p>\n<p>Sorgenkind der Festivals war am Freitag einmal mehr die WET-Stage. Zugute hei\u00dfen muss man den Veranstaltern, dass das Zelt heier vom Festivalgel\u00e4nde und nicht von `au\u00dfen\u00b4 zug\u00e4nglich war. Daf\u00fcr gab\u00b4s diesmal leider Zeitverschiebungen von \u00fcber einer Stunde, weshalb ich auf Gruppen wie Primordial oder Withering Surface verzichten musste. Als ich gegen 13:15 Uhr das Zelt betrat, qu\u00e4lten sich die Jungs von ANTAGONIST durch ihr Set.Die vier Musiker boten lupenreinen qualitativ hochwertigen Thrash Metal. Da um diese Zeit allerding JUSTICE auf der B\u00fchne h\u00e4tten stehen sollen, interressierte das kaum einen der Anwesenden. Anwesende &#8211; damit meine ich die Stammg\u00e4ste aus Trockau und Gunzendorf, die keine Gelegenheit auslie\u00dfen, lauthals ihre Favoriten auf die B\u00fchne zu fordern. Einigen war wohl nicht ganz bewusst, dass man sich auf Europas gr\u00f6\u00dftem Heavy Metal Festival gef\u00e4lligst nicht so aufzuf\u00fchren hat, wie in irgendeiner oberfr\u00e4nkischen Bauerndisco. Schlie\u00dflich ist f\u00fcr Antagonist bestimmt ein Traum in Erf\u00fcllung gegangen, auf dem W:O:A auftreten zu d\u00fcrfen. Doch der wurde ihnen von einigen anwesenden Primitivlingen ganz sch\u00f6n versaut.<\/p>\n<p><strong>www.ancientspirit.de<\/strong><\/p>\n<p>Tja, manchmal schaut man sich Bands an, die man vorher gar nicht sehen wollte. Eigentlich stampfte ich zur W.E.T.-Stage, um den Auftritt von JUSTICE zu begutachten, jedoch ist der Zeitplan dort wohl total verschoben worden, so dass alle Bands am Freitag erst 1-1,5 Stunden sp\u00e4ter spielten als geplant. OK, noch schnell ein Bierchen geholt und dann mal ANTAGONIST angeschaut, um die Zeit zu JUSTICE zu \u00fcberbr\u00fccken. Leider kenne ich die Band auf Konserve nicht, so dass ich nat\u00fcrlich nicht so genau auf die Titel eingehen kann. Das gr\u00f6\u00dfte Problem bei ihrem Auftritt war JUSTICE. Denn das Zelt war zu 90% von Anh\u00e4ngern der Franken &#8222;bev\u00f6lkert&#8220;, welche schon ganz ungeduldig auf deren Auftritt warteten. Dennoch, ANTAGONIST pr\u00e4sentierten einen coolen Mix aus Power- und Thrash Metal, welcher aber auch mal den einen oder anderen Death Metal-Part aufweisen konnte. Der S\u00e4nger zeigte sich trotz einer Verletzung sehr Bewegungsfreudig und auch der Sound war durchaus angenehm. Soviel ich wei\u00df kommt demn\u00e4chst ne neue CD von Ihnen heraus. Als Zugabe holten die Bremer dann noch &#8222;Zombie Ritual&#8220; aus der Trickkiste und sorgten wohl nicht nur bei mir f\u00fcr Begeisterung. Hm, ich glaube ich muss mir die Band auch mal auf CD anh\u00f6ren. (Olly)<\/p>\n","protected":false},"excerpt":{"rendered":"<p>www.Powermetal.de &#8222;Himmel, ich bin zu sp\u00e4t!&#8220; schoss es mir durch den pflichtbewussten Kopf, als ich um 11.45 Uhr zum Eingang kam und dort eine enorme Menschenmasse auf Einlass wartete. ANTAGONIST sollten um 12 Uhr beginnen, und nun musste ich mich noch einige Zeit gedulden. Als ich dann eine halbe Stunde sp\u00e4ter durch den Sumpf zur [&hellip;]<\/p>\n","protected":false},"author":1,"featured_media":0,"parent":141,"menu_order":3,"comment_status":"closed","ping_status":"closed","template":"","meta":{"ngg_post_thumbnail":0,"footnotes":""},"class_list":["post-152","page","type-page","status-publish","hentry"],"_links":{"self":[{"href":"https:\/\/antagonist.info\/index.php?rest_route=\/wp\/v2\/pages\/152","targetHints":{"allow":["GET"]}}],"collection":[{"href":"https:\/\/antagonist.info\/index.php?rest_route=\/wp\/v2\/pages"}],"about":[{"href":"https:\/\/antagonist.info\/index.php?rest_route=\/wp\/v2\/types\/page"}],"author":[{"embeddable":true,"href":"https:\/\/antagonist.info\/index.php?rest_route=\/wp\/v2\/users\/1"}],"replies":[{"embeddable":true,"href":"https:\/\/antagonist.info\/index.php?rest_route=%2Fwp%2Fv2%2Fcomments&post=152"}],"version-history":[{"count":1,"href":"https:\/\/antagonist.info\/index.php?rest_route=\/wp\/v2\/pages\/152\/revisions"}],"predecessor-version":[{"id":153,"href":"https:\/\/antagonist.info\/index.php?rest_route=\/wp\/v2\/pages\/152\/revisions\/153"}],"up":[{"embeddable":true,"href":"https:\/\/antagonist.info\/index.php?rest_route=\/wp\/v2\/pages\/141"}],"wp:attachment":[{"href":"https:\/\/antagonist.info\/index.php?rest_route=%2Fwp%2Fv2%2Fmedia&parent=152"}],"curies":[{"name":"wp","href":"https:\/\/api.w.org\/{rel}","templated":true}]}}