{"id":148,"date":"2012-12-26T11:58:46","date_gmt":"2012-12-26T09:58:46","guid":{"rendered":"https:\/\/antagonist.info\/?page_id=148"},"modified":"2012-12-26T12:00:00","modified_gmt":"2012-12-26T10:00:00","slug":"rock-hard-review-wacken-gig","status":"publish","type":"page","link":"https:\/\/antagonist.info\/?page_id=148","title":{"rendered":"Rock Hard Review W.O.A."},"content":{"rendered":"<p><strong>Wir haben gestern folgenden Bericht \u00fcber unseren Auftritt beim Wacken Open Air im Rock Hard gefunden:<\/strong><\/p>\n<p>\u201eDie einst\u00fcndige Wartezeit auf die Er\u00f6ffnung der relativ \u00fcberfl\u00fcssigen W.E.T. Stage wurde zwar mit einer Fernbeschallung von Necorphobic vers\u00fc\u00dft, gelohnt hat sich das Herumstehen im frisch aufgesch\u00fctteten Anti Schlamm \u2013 Heuhaufen aber nicht. ANTAGONIST langweilten mit unbeseeltem Pr\u00fcgelcore und dem nervigsten S\u00e4nger des gesamten Festivals. Da w\u00e4re es besser gewesen, man h\u00e4tte die 45 min. Spielzeit auf die restlichen Bands im Zelt aufgeteilt.\u201c<\/p>\n<p><em>Unsere Antwort \/ Reaktion darauf, die als Leserbrief ans Rock Hard gegangen, und ver\u00f6ffentlicht worden ist:<\/em><\/p>\n<p>Als gestern das neue Rock Hard in meinem Briefkasten landete, mu\u00dfte ich dieses sofort aufschlagen um nach den Live Reviews des Wacken Open Airs zu gucken, da ich mit meiner Band ANTAGONIST dort am Freitag auf der W.E.T. Stage gespielt habe. Da las ich dann folgendes: \u201eDie einst\u00fcndige Wartezeit auf die Er\u00f6ffnung der relativ \u00fcberfl\u00fcssigen W.E.T. Stage wurde zwar mit einer Fernbeschallung von Necorphobic vers\u00fc\u00dft, gelohnt hat sich das Herumstehen im frisch aufgesch\u00fctteten Anti Schlamm \u2013 Heuhaufen aber nicht. ANTAGONIST langweilten mit unbeseeltem Pr\u00fcgelcore und dem nervigsten S\u00e4nger des gesamten Festivals. Da w\u00e4re es besser gewesen, man h\u00e4tte die 45 min. Spielzeit auf die restlichen Bands im Zelt aufgeteilt.\u201c<\/p>\n<p>Erst war ich doch recht am\u00fcsiert \u00fcber die \u00c4u\u00dferungen des Herrn P\u00f6pperl, aber sp\u00e4ter dann schon etwas ver\u00e4rgert. Nicht dass ich, oder vielmehr wir, keine Kritik vertragen k\u00f6nnen, nur in diesem Falle ist sie nicht nur unserer Meinung nach nicht gerechtfertigt. Wir haben den Wacken Auftritt bei einem Bandcontest gewonnen, in dem wir uns gegen gut 300 Combos und bei der Endausscheidung (vor 1500 Leuten und einer Jury) gegen sechs weitere Bands den zweiten Platz erspielten. An diesem Ergebnis war das Publikum (durch Abstimmen) ma\u00dfgeblich beteiligt. K\u00f6nnen wir dann Live so schlecht sein ?<br \/>\nWenn man dann wie in diesem Bericht geschehen niedergemacht wird, w\u00fcrde man schon gerne wissen, warum. Was aber nirgendwo zu lesen ist, oder habe ich da was \u00fcberlesen ? Der S\u00e4nger w\u00e4re der schlechteste des gesamten Festivals gewesen, hei\u00dft es da. Wie kann er das beurteilen, oder kann er bei allen Bands gleichzeitig gewesen sein? Ich f\u00fcr meinen Teil, wie vielleicht noch einige andere Fragen sich wahrscheinlich sowieso, warum so jemand einen Bericht \u00fcber die W.E.T. Stage verfasst, wenn er der Meinung ist, das diese \u201erelativ \u00fcberfl\u00fcssig\u201c sei. Wenn diese B\u00fchne \u00fcberfl\u00fcssig ist, warum waren die Konzerte dort (einschlie\u00dflich unserem) so gut besucht, und sind diese Leute damit auch \u00fcberfl\u00fcssig, die sich die Konzerte dort ansahen? Muss wohl so sein.<br \/>\nIch w\u00fcrde mir ein bisschen mehr Objektivit\u00e4t bei so einem Bericht w\u00fcnschen, wenn er negative Kritik \u00e4u\u00dfert, dann soll er bitte auch konkret werden und nicht einfach nur solche Aussagen treffen.<br \/>\nGreetz THOMAS &amp; ANTAGONIST<\/p>\n","protected":false},"excerpt":{"rendered":"<p>Wir haben gestern folgenden Bericht \u00fcber unseren Auftritt beim Wacken Open Air im Rock Hard gefunden: \u201eDie einst\u00fcndige Wartezeit auf die Er\u00f6ffnung der relativ \u00fcberfl\u00fcssigen W.E.T. Stage wurde zwar mit einer Fernbeschallung von Necorphobic vers\u00fc\u00dft, gelohnt hat sich das Herumstehen im frisch aufgesch\u00fctteten Anti Schlamm \u2013 Heuhaufen aber nicht. ANTAGONIST langweilten mit unbeseeltem Pr\u00fcgelcore und [&hellip;]<\/p>\n","protected":false},"author":1,"featured_media":0,"parent":141,"menu_order":1,"comment_status":"closed","ping_status":"closed","template":"","meta":{"ngg_post_thumbnail":0,"footnotes":""},"class_list":["post-148","page","type-page","status-publish","hentry"],"_links":{"self":[{"href":"https:\/\/antagonist.info\/index.php?rest_route=\/wp\/v2\/pages\/148","targetHints":{"allow":["GET"]}}],"collection":[{"href":"https:\/\/antagonist.info\/index.php?rest_route=\/wp\/v2\/pages"}],"about":[{"href":"https:\/\/antagonist.info\/index.php?rest_route=\/wp\/v2\/types\/page"}],"author":[{"embeddable":true,"href":"https:\/\/antagonist.info\/index.php?rest_route=\/wp\/v2\/users\/1"}],"replies":[{"embeddable":true,"href":"https:\/\/antagonist.info\/index.php?rest_route=%2Fwp%2Fv2%2Fcomments&post=148"}],"version-history":[{"count":2,"href":"https:\/\/antagonist.info\/index.php?rest_route=\/wp\/v2\/pages\/148\/revisions"}],"predecessor-version":[{"id":151,"href":"https:\/\/antagonist.info\/index.php?rest_route=\/wp\/v2\/pages\/148\/revisions\/151"}],"up":[{"embeddable":true,"href":"https:\/\/antagonist.info\/index.php?rest_route=\/wp\/v2\/pages\/141"}],"wp:attachment":[{"href":"https:\/\/antagonist.info\/index.php?rest_route=%2Fwp%2Fv2%2Fmedia&parent=148"}],"curies":[{"name":"wp","href":"https:\/\/api.w.org\/{rel}","templated":true}]}}