{"id":143,"date":"2012-12-26T11:54:39","date_gmt":"2012-12-26T09:54:39","guid":{"rendered":"https:\/\/antagonist.info\/?page_id=143"},"modified":"2012-12-26T11:54:39","modified_gmt":"2012-12-26T09:54:39","slug":"wacken-bericht-2002","status":"publish","type":"page","link":"https:\/\/antagonist.info\/?page_id=143","title":{"rendered":"Wacken Bericht 2002"},"content":{"rendered":"<p>Da die Band noch einige Leute aus dem Bekanntenkreis mitnehmen wollte, und man zum Zelten ja sowieso ein wenig mehr Platz im Auto braucht, machten sich zwei Autos der Antagonisten am Donnerstag Vormittag und eines am Nachmittag in Richtung Schleswig Holstein auf.<\/p>\n<p>Die Autos, die am Vormittag los gefahren sind kamen auch in gut 1,5 Stunden am Ziel an, wogegen der Wagen der sich erst am Nachmittag auf den Weg gemacht hat, drei mal so lange gebraucht hat. Am Ziel angekommen fanden wir die Camping Area in einem Zustand vor, wie wir es uns schon denken konnten. Da es die letzten Tage, genauso wie an diesem Donnerstag nur am Regnen war, war der Boden v\u00f6llig matschig, wie es sicher jeder von Open Air\u00b4s kennt, wenn es nur am regnen ist. An diesem ersten Abend, passierte dann auch noch etwas was weniger erfreulich war. Die Tatsache, dass der Boden auf der Camping Area wie auf dem restlichen Gel\u00e4nde ziemlich rutschig war, f\u00fchrte dazu das sich unser S\u00e4nger Michael seinen Kn\u00f6chel ziemlich stark verknackste und das am Abend vor unserem Auftritt. Da wir am Freitag Mittag um 12.00 Uhr unseren Auftritt hatten, konnten wir nat\u00fcrlich auch nicht allzu lange pennen, weshalb die Band an diesem Tag nicht in allerbester Verfassung war, wozu der Alkohol den wir am Abend vorher zu uns nahmen auch sicher seinen Anteil beigetragen hat.<\/p>\n<p>Kurz vorm Auftritt musste Michael dann noch seinen Kn\u00f6chel bandagieren lassen, weil er sich sonst so gut wie gar nicht auf den Beinen h\u00e4tte halten k\u00f6nnen.Als wir dann an der Wet Stage p\u00fcnktlich eine Stunde vor unserem Auftritt ankamen, war dort noch der Aufbau in vollen Z\u00fcgen, was dazu f\u00fchrte dass wir erst um 13.00 Uhr die B\u00fchne enterten. Dadurch das wir mit dieser Verz\u00f6gerung anfingen, war das Zelt so gut wie restlos gef\u00fcllt, weil um diese Zeit eigentlich \u201eJustice\u201c spielen sollten, die anscheinend eine ziemlich gro\u00dfe Fangemeinde haben. Auch wenn vermutlich der Grossteil der Leute wegen eben dieser Band gekommen war, nahmen die Leute uns ziemlich gut auf. Der Auftritt selber verlief dann, bis auf einen schlechten B\u00fchnensound der uns es auch nicht gerade leichter machte einen guten Auftritt zu spielen, recht normal.<\/p>\n<p>Dann bleibt noch abzuwarten, was dieser Gig der Band gebracht hat. Es konnten auf jeden Fall an diesem Wochenende ein paar Kontakte gekn\u00fcpft werden, die uns dabei helfen k\u00f6nnten etwas bekannter zu werden. Falls ihr unseren Gig gesehen habt w\u00fcrde es uns freuen, wenn ihr eure Meinung dazu in unser G\u00e4stebuch schreiben w\u00fcrdet.Au\u00dferdem haben wir noch einiges an Bild- und Videomaterial, welches wir noch sichten m\u00fcssen, bevor wir es Euch hier pr\u00e4sentieren. Es sei aber schon soviel verraten: Es sind ein paar nette Schnappsch\u00fcsse dabei, von denen der eine oder andere sich sicher w\u00fcnscht, dass sie nie gemacht worden w\u00e4ren<\/p>\n","protected":false},"excerpt":{"rendered":"<p>Da die Band noch einige Leute aus dem Bekanntenkreis mitnehmen wollte, und man zum Zelten ja sowieso ein wenig mehr Platz im Auto braucht, machten sich zwei Autos der Antagonisten am Donnerstag Vormittag und eines am Nachmittag in Richtung Schleswig Holstein auf. Die Autos, die am Vormittag los gefahren sind kamen auch in gut 1,5 [&hellip;]<\/p>\n","protected":false},"author":1,"featured_media":0,"parent":141,"menu_order":0,"comment_status":"closed","ping_status":"closed","template":"","meta":{"ngg_post_thumbnail":0,"footnotes":""},"class_list":["post-143","page","type-page","status-publish","hentry"],"_links":{"self":[{"href":"https:\/\/antagonist.info\/index.php?rest_route=\/wp\/v2\/pages\/143","targetHints":{"allow":["GET"]}}],"collection":[{"href":"https:\/\/antagonist.info\/index.php?rest_route=\/wp\/v2\/pages"}],"about":[{"href":"https:\/\/antagonist.info\/index.php?rest_route=\/wp\/v2\/types\/page"}],"author":[{"embeddable":true,"href":"https:\/\/antagonist.info\/index.php?rest_route=\/wp\/v2\/users\/1"}],"replies":[{"embeddable":true,"href":"https:\/\/antagonist.info\/index.php?rest_route=%2Fwp%2Fv2%2Fcomments&post=143"}],"version-history":[{"count":1,"href":"https:\/\/antagonist.info\/index.php?rest_route=\/wp\/v2\/pages\/143\/revisions"}],"predecessor-version":[{"id":144,"href":"https:\/\/antagonist.info\/index.php?rest_route=\/wp\/v2\/pages\/143\/revisions\/144"}],"up":[{"embeddable":true,"href":"https:\/\/antagonist.info\/index.php?rest_route=\/wp\/v2\/pages\/141"}],"wp:attachment":[{"href":"https:\/\/antagonist.info\/index.php?rest_route=%2Fwp%2Fv2%2Fmedia&parent=143"}],"curies":[{"name":"wp","href":"https:\/\/api.w.org\/{rel}","templated":true}]}}