{"id":141,"date":"2012-12-26T11:53:10","date_gmt":"2012-12-26T09:53:10","guid":{"rendered":"https:\/\/antagonist.info\/?page_id=141"},"modified":"2012-12-26T12:15:32","modified_gmt":"2012-12-26T10:15:32","slug":"mixed","status":"publish","type":"page","link":"https:\/\/antagonist.info\/?page_id=141","title":{"rendered":"Mixed"},"content":{"rendered":"<p><strong>Hier findet ihr Stuff, der in keine andere Kategorie passt&#8230;<\/strong><\/p>\n<p><a title=\"Wacken Bericht 2002\" href=\"https:\/\/antagonist.info\/?page_id=143\">Ein Bericht von uns, \u00fcber das Wacken 2002, wo wir auch aufgetreten sind.<\/a><\/p>\n<p><a title=\"Rock Hard Review Wacken Gig\" href=\"https:\/\/antagonist.info\/?page_id=148\">Ein Review \u00fcber den Wacken Auftritt aus dem Rock Hard.<\/a><\/p>\n<p><a title=\"Weitere Reviews W.O.A.\" href=\"https:\/\/antagonist.info\/?page_id=152\">Drei weitere Berichte \u00fcber unseren Wacken Auftritt.<\/a><\/p>\n<p><a title=\"Bericht Bremer Anzeiger\" href=\"https:\/\/antagonist.info\/?page_id=157\">Eine Kopie aus dem Bremer Anzeiger \u00fcber das Benefiz Konzert.<\/a><\/p>\n<p><a title=\"Bericht Benefiz\" href=\"https:\/\/antagonist.info\/?page_id=165\">Ein Bericht \u00fcber das Benefiz Konzert im Wehrschloss 2002<\/a><\/p>\n<p><a title=\"Bands Battle Bericht\" href=\"https:\/\/antagonist.info\/?page_id=170\">&#8222;Tourbericht&#8220; vom Bands Battle Festival 14.05.2004 in Stavengaen.<\/a><\/p>\n<p><a title=\"W.O.A. Metal Battle Bericht\" href=\"https:\/\/antagonist.info\/?page_id=174\">Bericht von www.osnametal.de \u00fcber das Wacken Metal Battle 2007<\/p>\n<p><\/a><\/p>\n","protected":false},"excerpt":{"rendered":"<p>Hier findet ihr Stuff, der in keine andere Kategorie passt&#8230; Ein Bericht von uns, \u00fcber das Wacken 2002, wo wir auch aufgetreten sind. Ein Review \u00fcber den Wacken Auftritt aus dem Rock Hard. Drei weitere Berichte \u00fcber unseren Wacken Auftritt. Eine Kopie aus dem Bremer Anzeiger \u00fcber das Benefiz Konzert. Ein Bericht \u00fcber das Benefiz [&hellip;]<\/p>\n","protected":false},"author":1,"featured_media":0,"parent":0,"menu_order":5,"comment_status":"closed","ping_status":"closed","template":"","meta":{"ngg_post_thumbnail":0,"footnotes":""},"class_list":["post-141","page","type-page","status-publish","hentry"],"_links":{"self":[{"href":"https:\/\/antagonist.info\/index.php?rest_route=\/wp\/v2\/pages\/141","targetHints":{"allow":["GET"]}}],"collection":[{"href":"https:\/\/antagonist.info\/index.php?rest_route=\/wp\/v2\/pages"}],"about":[{"href":"https:\/\/antagonist.info\/index.php?rest_route=\/wp\/v2\/types\/page"}],"author":[{"embeddable":true,"href":"https:\/\/antagonist.info\/index.php?rest_route=\/wp\/v2\/users\/1"}],"replies":[{"embeddable":true,"href":"https:\/\/antagonist.info\/index.php?rest_route=%2Fwp%2Fv2%2Fcomments&post=141"}],"version-history":[{"count":15,"href":"https:\/\/antagonist.info\/index.php?rest_route=\/wp\/v2\/pages\/141\/revisions"}],"predecessor-version":[{"id":155,"href":"https:\/\/antagonist.info\/index.php?rest_route=\/wp\/v2\/pages\/141\/revisions\/155"}],"wp:attachment":[{"href":"https:\/\/antagonist.info\/index.php?rest_route=%2Fwp%2Fv2%2Fmedia&parent=141"}],"curies":[{"name":"wp","href":"https:\/\/api.w.org\/{rel}","templated":true}]}}