{"id":138,"date":"2012-12-26T11:51:03","date_gmt":"2012-12-26T09:51:03","guid":{"rendered":"https:\/\/antagonist.info\/?page_id=138"},"modified":"2012-12-26T11:51:03","modified_gmt":"2012-12-26T09:51:03","slug":"osnametal-webzine","status":"publish","type":"page","link":"https:\/\/antagonist.info\/?page_id=138","title":{"rendered":"Osnametal Webzine"},"content":{"rendered":"<p><strong>Nur knapp den Sieg verpasst haben die Bremer Death\/Thrasher Antagonist beim diesj\u00e4hrigen Wacken Metal Battle Vorentscheid auf Landesebene. Redakteurin Mandra lie\u00df es sich trotzdem (oder grade deshalb?) nicht nehmen, mit Frontmann Michael Simon zu plaudern.<\/strong><\/p>\n<p><em>OM: Hi Michael! Danke dass du uns f\u00fcr ein Interview zur Verf\u00fcgung stehst.<\/em><\/p>\n<p><em>Stell euch doch zun\u00e4chst mal vor, wie lange gibt es euch, wo kommt ihr her\u2026?<\/em><\/p>\n<p>Michel: Antagonist wurde im Sommer 1990 gegr\u00fcndet. Jeder schnappte sich damals irgendein Instrument und jammte los. Nach einigen Auseinandersetzungen, zwecks Stilistik, wurde somit die Band ins Leben gerufen. Nach diversen Besetzungswechseln, ist das Team seit etwa 10 Jahren zusammen und erfreut sich bester Gesundheit.<\/p>\n<p><em>OM: Von welchen Bands lasst ihr eure Mucke beeinflussen?<\/em><\/p>\n<p>Michel: In den Anf\u00e4ngen, waren es Bands wie Kreator, Morgoth oder Morbid Angel. Heute ist es sehr schwer zu sagen ob \u00fcberhaupt noch Einfl\u00fcsse aus anderen Musikstilen zum aktuellen Antagonist Sound beitragen.<\/p>\n<p>Der Unterschiedliche Musikgeschmack meiner Kollegen, (und glaubt mir das geht von Trance bis Noisecore) macht es \u00e4u\u00dferst kompliziert, alle Einfl\u00fcsse zusammen mit den jeweiligen Interessen der Jungs zu mischen. Doch vielleicht ist es auch gerade das Individuelle, das den Antagonist Sound ausmacht.<\/p>\n<p><em>OM: Was haltet ihr von der Juryentscheidung auf dem 2007ner Metal Battle in der Osnabr\u00fccker Lagerhalle zu Gunsten von Obscure?<\/em><\/p>\n<p>Michel: Vom Gesamtbild geht die Entscheidung absolut in Ordnung, auf der B\u00fchne ging ne Menge ab und das Publikum wurde schnell zum mitgehen animiert. Vom musikalischen mal abgesehen, die wohl kompletteste Band.<\/p>\n<p><em>OM: Ihr habt ja 2002 schon auf dem Wacken gespielt, mit welchen Eindr\u00fccken seid ihr wieder nach Hause gekommen? Wie f\u00fchlte sich das so an auf Deutschlands gr\u00f6\u00dften Metalfestival spielen zu k\u00f6nnen?<\/em><\/p>\n<p>Michel: Es war ein gro\u00dfartiges Gef\u00fchl, bei diesem Event dabei zu sein. Ich glaube jeder Metall Musiker tr\u00e4umt einmal davon so etwas zu erleben.<\/p>\n<p><em>OM: Ihr werdet in der Szene ja schon sehr hoch gehandelt, wie habt ihr das Geschafft?<\/em><\/p>\n<p>Michel: Wir sind nicht gerade die flei\u00dfigsten aber daf\u00fcr kontinuierlich. Es gibt bei Antagonist keine Regeln, dementsprechend k\u00f6nnen auch keine gebrochen werden und wir haben immer unser eigenes Ding vor Augen gehabt und uns nicht von irgendwelchen Hypes beeinflussen lassen.<\/p>\n<p><em>OM: Worauf kommt es euch bei eurer Musik besonders an, was ist euer Ziel?<\/em><\/p>\n<p>Michel: Das alle Bandmitglieder, mit dem was sie tun, zufrieden sind. Unser n\u00e4chstes Ziel wird der n\u00e4chste Studio Aufenthalt sein um neue Songs, auf eine neue CD zu bringen. Release noch offen\u2026.<\/p>\n<p><em>OM: Wenn ihr die M\u00f6glichkeit erhalten w\u00fcrdet bei \u201eThe Dome\u201c oder so zu spielen, w\u00fcrdet ihr dieses Angebot wahrnehmen oder eher nicht?<\/em><\/p>\n<p>Michel: Mit Sicherheit w\u00fcrden wir das Angebot wahrnehmen. Doch bef\u00fcrchte ich das die Kids die dort hinlaufen, wahrscheinlich in Panik ausbrechen werden, wenn auf einmal Antagonist auf der B\u00fchne stehen.<\/p>\n<p><em>OM: Ihr habt ja nun schon einige (M)CDs `rausgebracht (\u201eMosaik\u201c, \u201ePerfect human comprehension\u201c, \u201eNew zombie dead\u201c, \u201eDemons\u201c), welche ist dein Favourite und warum?<\/em><\/p>\n<p>Michel: In alle Alben wurde sehr viel Herzblut investiert, aus diesem Grund ist es schwer das Ganze zu pauschalisieren. Die Mini CD \u201eMosaik\u201c, geh\u00f6rte zu unserer ersten l\u00e4ngeren Studio Session. Die Songs sind alle recht roh und unausgegoren.\u00a0 Allerdings bekommt die Platte gerade dadurch ihren Reiz. \u201ePerfect Human Comprehension\u201c, ist die Scheibe an der am intensivsten gearbeitet wurde. Wir<br \/>\nhaben neue Leute in die Band bekommen, haben drei Jahre an den Songs gewerkelt und das Feeling war zu dem Zeitpunkt einfach perfekt, meine pers\u00f6nliche Lieblingsscheibe. Bei der dritten Scheibe \u201cNew Zombie Dead\u201c sind uns leider einige Fehler im Studio und beim Mix unterlaufen.<\/p>\n<p>Aus diesem Grund entschieden wir uns nur f\u00fcnf Songs aufzunehmen und in einer kleinen Auflage zu pressen. Der bis dato letzte Output \u201eDemons\u201c, ist von allen<br \/>\ndas kompletteste Album geworden.<\/p>\n<p><em>OM: Wenn ihr rausgeht, wo trifft man euch dann so an? Was sind so eure Lieblings-Locations?<\/em><\/p>\n<p>Michel: Auch in dem Punkt sind wir \u00e4u\u00dferst unterschiedlich, die einen sind \u00fcberall dort zu finden, wo Party gefeiert wird, die anderen sind eher zur\u00fcckgezogen.<\/p>\n<p><em>OM: Was Musik h\u00f6rt ihr so privat?<\/em><\/p>\n<p>Michel: Ich h\u00f6re momentan ausschlie\u00dflich im Auto Musik, dazu geh\u00f6ren: Beastie Boys- ill illustrated, Psychotic Waltz- Into the Everflow, Hate Plow \u2013 Everybody Dies, Fear Factory- Archetype\u2026..<\/p>\n<p><em>OM: Was f\u00e4llt dir spontan zu folgenden Begriffen ein?<\/em><\/p>\n<p>&#8211; Musik:\u2026wird in meinem Leben immer eine wichtige Rolle spielen.<\/p>\n<p>&#8211; Alkohol:\u2026hatte schon gute aber auch schlechte Zeiten\u2026<\/p>\n<p>&#8211; Job:\u2026versuche ich so gut es geht darauf zu verzichten\u2026.<\/p>\n<p>&#8211; Lieblingskonzert:\u2026. Anfang der 90`er, die \u201eFull of hate Festivals\u201c mit Death, Gorefest, Carcass, Unleashed, Cannibal Corpse<\/p>\n<p><em>OM: Gibt es etwas dass du noch loswerden m\u00f6chtest?<\/em><\/p>\n<p><strong>www.antagonist.info<\/strong><\/p>\n<p><em>OM: hehe OK! \ud83d\ude42<\/em><\/p>\n<p><em>Dann bedanke ich mich f\u00fcr deine Zeit und Mitarbeit!<\/em><\/p>\n<p>Metal ON!<\/p>\n","protected":false},"excerpt":{"rendered":"<p>Nur knapp den Sieg verpasst haben die Bremer Death\/Thrasher Antagonist beim diesj\u00e4hrigen Wacken Metal Battle Vorentscheid auf Landesebene. Redakteurin Mandra lie\u00df es sich trotzdem (oder grade deshalb?) nicht nehmen, mit Frontmann Michael Simon zu plaudern. OM: Hi Michael! Danke dass du uns f\u00fcr ein Interview zur Verf\u00fcgung stehst. Stell euch doch zun\u00e4chst mal vor, wie [&hellip;]<\/p>\n","protected":false},"author":1,"featured_media":0,"parent":119,"menu_order":4,"comment_status":"closed","ping_status":"closed","template":"","meta":{"ngg_post_thumbnail":0,"footnotes":""},"class_list":["post-138","page","type-page","status-publish","hentry"],"_links":{"self":[{"href":"https:\/\/antagonist.info\/index.php?rest_route=\/wp\/v2\/pages\/138","targetHints":{"allow":["GET"]}}],"collection":[{"href":"https:\/\/antagonist.info\/index.php?rest_route=\/wp\/v2\/pages"}],"about":[{"href":"https:\/\/antagonist.info\/index.php?rest_route=\/wp\/v2\/types\/page"}],"author":[{"embeddable":true,"href":"https:\/\/antagonist.info\/index.php?rest_route=\/wp\/v2\/users\/1"}],"replies":[{"embeddable":true,"href":"https:\/\/antagonist.info\/index.php?rest_route=%2Fwp%2Fv2%2Fcomments&post=138"}],"version-history":[{"count":1,"href":"https:\/\/antagonist.info\/index.php?rest_route=\/wp\/v2\/pages\/138\/revisions"}],"predecessor-version":[{"id":139,"href":"https:\/\/antagonist.info\/index.php?rest_route=\/wp\/v2\/pages\/138\/revisions\/139"}],"up":[{"embeddable":true,"href":"https:\/\/antagonist.info\/index.php?rest_route=\/wp\/v2\/pages\/119"}],"wp:attachment":[{"href":"https:\/\/antagonist.info\/index.php?rest_route=%2Fwp%2Fv2%2Fmedia&parent=138"}],"curies":[{"name":"wp","href":"https:\/\/api.w.org\/{rel}","templated":true}]}}