{"id":130,"date":"2012-12-26T11:39:49","date_gmt":"2012-12-26T09:39:49","guid":{"rendered":"https:\/\/antagonist.info\/?page_id=130"},"modified":"2012-12-26T11:39:49","modified_gmt":"2012-12-26T09:39:49","slug":"rumpelkammer-webzine","status":"publish","type":"page","link":"https:\/\/antagonist.info\/?page_id=130","title":{"rendered":"Rumpelkammer Webzine"},"content":{"rendered":"<p><strong>Aus dem Rumpelkammer Webzine:<\/strong><\/p>\n<p><em>Erz\u00e4hlt doch unseren Lesern mal ein bi\u00dfchen was \u00fcber eure Band. Wie, wann und wo seid ihr entstanden und spielt ihr noch in anderen Bands?<\/em><\/p>\n<p>Thomas: Gegr\u00fcndet wurde Antagonist bereits 1990, allerdings war das lange vor meiner Zeit, daher kann ich dir die Geschichte \u00fcber die Gr\u00fcndung der Band nicht so gut verklickern. Mittlerweile ist nur noch Michael, unser S\u00e4nger, aus der Urbesetzung \u00fcber, der \u00fcbrigens am Anfang noch Bass spielte, statt zu singen.<br \/>\nAu\u00dfer mir spielt keiner der ANTAGONISTEN in einer anderen Band. Meine hei\u00dft \u00fcbrigens NIGHTPORTER. Stefan ist allerdings zuhause recht flei\u00dfig was das Song machen angeht, hat sogar schon eine ganze CD zusammen, wovon auch einige Songs Antagonist tauglich sind.<\/p>\n<p><em>Wie w\u00fcrdet ihr eure Musik selber beschreiben?<\/em><\/p>\n<p>Thomas: Das ist nat\u00fcrlich immer schwer, seine eigene Musik zu beschreiben, aber ich w\u00fcrde doch mal sagen das es in Richtung Thrash geht. Es wird ein wenig in die Death\u2013Metal Ecke gedr\u00fcckt, da unser S\u00e4nger recht gut am Br\u00fcllen ist. Aber am besten macht sich mal jeder selber ein Bild von unserer Mucke, also kauft unsere CDs, oder besucht unsere Konzerte! \ud83d\ude42<\/p>\n<p><em>Welche musikalischen Einfl\u00fcsse habt ihr?<\/em><\/p>\n<p>Thomas:Ich f\u00fcr meinen Teil h\u00f6re fast nur Metal, und da so ziemlich breit gef\u00e4chert, Michael h\u00f6rt am liebsten die heftigere Schiene, Andre viel Metal, aber auch ein paar andere Richtungen (frag mich nicht nach Bandnamen) und Stefan war fr\u00fcher mal ein richtiger Metaller, heute h\u00f6rt er nur noch wenig Metal, eher anderen Krams (aber auch hier kann ich dir keine Bandnamen nennen.) Daher kommen dann auch die Einfl\u00fcsse, w\u00fcrde ich mal behaupten.<\/p>\n<p><em>Was h\u00f6rt ihr selber f\u00fcr Musik?<\/em><\/p>\n<p>Thomas: Tja ich denke die Frage habe ich schon mit der vorherigen beantwortet, oder willst du Bandnamen? Ich k\u00f6nnte da nur Bands nennen die ich so h\u00f6re, aber nachher nenne ich hier noch Bands die die anderen nicht h\u00f6ren und werde erschlagen. \ud83d\ude42<\/p>\n<p><em>Ich kenne eure neue Mini-CD \u2018New Zombie Dead\u2019 leider noch nicht, deswegen beschreibt mal selbst, ob ihr musikalisch irgendwas seit \u2018Perfect Human Comprehension\u2019 ver\u00e4ndert habt, oder etwas grundlegend anders macht?<\/em><\/p>\n<p>Thomas: Dann wird es aber mal Zeit das du sie kennenlernst. \ud83d\ude42 Also, unserer Meinung nach haben wir nicht allzu viel ver\u00e4ndert, wobei andere meinen das dies nicht so w\u00e4re. Die Kritiken der Leute mit denen wir bis jetzt gesprochen haben, gehen teilweise sehr weit auseinander. Wir sind aber, wie eben schon erw\u00e4hnt der Meinung, das wir von der letzten CD zu der aktuellen nicht gro\u00dfartig anders geworden sind. Ich w\u00fcrde sagen wir sind etwas straighter geworden und Michel singt, wie er selber sagt \u201eBack to the roots\u201c, was auch immer das bedeuten mag. Wir haben leider noch keine weiteren Kritiken bekommen, da wir bis jetzt noch nicht viele Promos weggeschickt haben, du hast ja auch noch keine bekommen, was aber demn\u00e4chst nachgeholt wird.<\/p>\n<p><em>Gut zu h\u00f6ren! Wie sieht es mit eurer Zukunft aus? Nehmt ihr bereits was Neues in Angriff?<\/em><\/p>\n<p>Thomas: Es sind doch nur drei Jahre von der &#8218;Perfect&#8230;&#8216; bis zur &#8218;New Zombie Dead&#8216; M-CD vergangen, da k\u00f6nnen wir uns ja noch ein wenig Zeit lassen, bis wir was Neues anfangen. (haha) Aber mal im ernst, wir sind dabei ein wenig unsere Proben umzustellen, damit es nicht wieder solange dauert, bis wir was Neues raus bringen. Das Problem war bis jetzt immer, das wir uns immer recht schwer einigen konnten, wenn es darum ging neue Songs im Proberaum zu machen. Ansonsten werden wir demn\u00e4chst damit anfangen die M-CD zu Magazinen zu schicken, um noch mehr Meinungen einzufangen und versuchen noch ein paar Auftritte an Land zu ziehen und nat\u00fcrlich probieren neue Songs fertig zu bekommen.<\/p>\n<p><em>Kann man euch demn\u00e4chst irgendwo live bewundern<\/em><\/p>\n<p>Thomas:Wir werden am 01.11. im &#8218;Harz Rock Cafe Charzfeld&#8216;, in der N\u00e4he von G\u00f6ttingen spielen, zusammen mit den APOKALIPTISCHEN REITERN, IMPURE, und ARS MORTIS. Eigentlich sollten wir mit diesem Package im Berliner Knaack Club spielen, was aber leider nicht geklappt hat.<\/p>\n<p><em>Ihr seid ja als Sieger aus einem Bandcontest hervorgegangen und habt relativ lange auf die Einl\u00f6sung eures Gewinns warten m\u00fcssen. Hat sich der WOA-Auftritt f\u00fcr euch gelohnt?<\/em><\/p>\n<p>Thomas: Gelohnt hat es sich in sofern, das wir mal die Erfahrung machen konnten, wie es bei so einem Event &#8218;Hinter den Kulissen&#8216; abgeht, aber ansonsten hat sich nichts weiter ergeben durch diesen Auftritt, leider.<\/p>\n<p><em>Ich hatte mir ja vorgenommen euch im Zelt zu sehen, leider war es mir aufgrund des sehr z\u00f6gerlichen Einlasses auf das Gel\u00e4nde nicht m\u00f6glich und als ich endlich drin war, wart ihr schon fertig. Beschreibt mal wie das WOA f\u00fcr euch war?<\/em><\/p>\n<p>Thomas: Im Prinzip war es ein Gig wie jeder andere, aber irgendwie auch nicht. Schwer zu beschreiben. Die Leute die im Zelt waren, waren zum gr\u00f6\u00dften Teil wegen JUSTICE da, die ja eigentlich um diese Zeit spielen sollten. Wenn man dann JUSTICE rufe aus dem Publikum h\u00f6rt, w\u00e4hrend man selber spielt, ist es sicher nicht so toll, aber im gro\u00dfen und ganzen hat es den Leuten wohl gut gefallen. Michel unser S\u00e4nger hatte sich ja am Vorabend den Kn\u00f6chel ziemlich stark verknackst und konnte deswegen nicht so agieren, wie er dies sonst macht, sonst h\u00e4tten die Leute noch ein bisschen mehr zum gucken gehabt. Aber f\u00fcr uns war der Auftritt v\u00f6llig o.k., deswegen verstehen wir die Reaktion des Redakteurs des Rock Hard auch nicht so ganz.<br \/>\nAu\u00dferdem war es schon geil als Artist in alle Bereiche zu k\u00f6nnen, oder sich Bands direkt von der B\u00fchne aus ansehen zu k\u00f6nnen, oder neben bekannten Metal Gr\u00f6\u00dfen im Backstage bereich zu stehen und ein Bier zu schlabbern.<\/p>\n<p><em>Das RockHard hat ja am diesj\u00e4hrigen WOA vom organisatorischen her, kein gutes Haar gelassen. Es w\u00e4re mal interessant die Seite der K\u00fcnstler zu h\u00f6ren. Wurdet ihr schei\u00dfe behandelt und findet ihr die Kritik berechtigt?<\/em><\/p>\n<p>Thomas: Also, im gro\u00dfen und ganzen, kann ich die Kritik am Festival\/der Organisation unterstreichen. Wir sollten eigentlich um 12.00 Uhr auf der B\u00fchne stehen, um unseren Auftritt zu spielen. Als wir eine Stunde vor Beginn dort waren, stand noch nichts von der Backline, weswegen wir dann auch erst eine Stunde sp\u00e4ter anfangen konnten.<br \/>\nAu\u00dferdem sind wir mit unseren Instrumenten zur Zeltb\u00fchne gelaufen, da der Shuttlebus v\u00f6llig \u00fcberfordert war und das warten darauf zu lange gedauert h\u00e4tte. Das beste war dabei, das Michel, der sich ja den Kn\u00f6chel verstaucht hatte, auf dem Gep\u00e4cktr\u00e4ger eines Fahrrads zur B\u00fchne gefahren wurde.<\/p>\n<p><em>Das RockHard hat sich auch ziemich harsch zu eurem Auftritt ge\u00e4u\u00dfert und ihr habt, wie man auf eurer Homepage lesen kann, ja auch schon angemessen reagiert, was haltet ihr von dieser relativ nichtssagenden Kritik?<\/em><\/p>\n<p>Thomas: Wie du schon sagst, nichtssagend. Und eine Kritik ist es in meinen Augen nicht, sondern einfach nur ein runter machen.<br \/>\nDer Typ der es geschrieben hatte, war wahrscheinlich nur angepisst, weil er solange im Zelt gewartet hat, bis eine Band spielt und er die Nacht beschissen gepennt hat, was wei\u00df ich. Da kamen wir ihm wohl gerade recht und au\u00dferdem kann man jemanden der die Meinung vertritt, das die Zeltb\u00fchne \u00fcberfl\u00fcssig sei, in meinen Augen sowieso nicht f\u00fcr voll nehmen.<\/p>\n<p><em>Wie sieht das Songwriting bei euch aus? Teamwork oder schreibt ihr die Songs eher alleine, jeder f\u00fcr sich?<\/em><\/p>\n<p>Thomas: Also, die Songs zur &#8218;Perfect&#8230;&#8216; haben wir im gro\u00dfen und ganzen alle zusammen gemacht, bis auf zwei ausnahmen.<br \/>\nBei der neuen M-CD sieht es so aus, das Stefan die Musik alleine geschrieben hat. Wir sind halt, wie eben schon erw\u00e4hnt, dabei zu versuchen eine Umstellung unserer Proben vorzunehmen, damit wir diesmal nicht solange brauchen, bis neue Songs fertig sind. Es sieht aber schon so aus, das wir eigentlich versuchen, alles zusammen zu machen, was halt nicht immer so klappt.<\/p>\n<p><em>Wie seid ihr bei \u2018Perfect Human Comprehension\u2019 auf das interessante Konzept mit Bildern anstatt Texten gekommen?<\/em><\/p>\n<p>Thomas: Gute frage, wahrscheinlich, weil wir die Texte nicht abdrucken wollten. \ud83d\ude42 Ich glaube das war Michels Idee, kann mich mittlerweile nicht mehr daran erinnern, wie er darauf kam. Wahrscheinlich, weil er es, wie ich auch, wohl interessant fand. Woran ich mich noch gut erinnern kann ist, wie es um den CD Titel der &#8218;Perfect&#8230;&#8216; ging, die sollte erst &#8218;New Zombie Dead&#8216; hei\u00dfen, was ich zu klischeehaft fand, na ja, jetzt hat er doch noch seinen willen bekommen, wenn auch erst drei Jahre sp\u00e4ter.<\/p>\n<p><em>Ihr ver\u00f6ffentlicht bisher in Eigenregie, ist irgendein Label in Sicht, das euch unter Vertrag nimmt?<\/em><\/p>\n<p>Thomas: Dazu m\u00fcssten wir erst einmal CDs an Firmen schicken, was wir aber noch nicht gemacht haben. Ob wir es machen, wissen wir nicht, haben schon mal \u00fcberlegt, aber sind noch zu keinem Entschluss gekommen.<br \/>\nDas Ding ist ja, wenn man einem Vertrag bekommt, das dies sehr dienlich sein kann, aber man auch als kleine Band wie wir es sind, Verpflichtungen nachzukommen hat. Da ist es halt die Frage, ob man dies kann und was f\u00fcr ein Label man hat.<br \/>\nMir w\u00fcrde es schon reichen, wenn wir einen Vertrieb h\u00e4tten, das man sich um die Verk\u00e4ufe nicht selber k\u00fcmmern braucht und unsere CDs \u00fcberall bestellen, oder sie \u00fcberall gekauft werden k\u00f6nnen, das w\u00e4re schon klasse.<\/p>\n<p><em>Wo seht ihr euch selber in 10 Jahren?<\/em><\/p>\n<p>Thomas: Wie du vielleicht wei\u00dft, gibt es die Band schon \u00fcber zehn Jahre, und ob sie noch weitere zehn Jahre besteht, ist die Frage. Ich denke, dass wir die Leute nicht noch so lange nerven sollten. \ud83d\ude42<\/p>\n<p><em>Vielen Dank, da\u00df Du Dir die Zeit genommen hast, unsere Fragen zu beantworten!<\/em><\/p>\n","protected":false},"excerpt":{"rendered":"<p>Aus dem Rumpelkammer Webzine: Erz\u00e4hlt doch unseren Lesern mal ein bi\u00dfchen was \u00fcber eure Band. Wie, wann und wo seid ihr entstanden und spielt ihr noch in anderen Bands? Thomas: Gegr\u00fcndet wurde Antagonist bereits 1990, allerdings war das lange vor meiner Zeit, daher kann ich dir die Geschichte \u00fcber die Gr\u00fcndung der Band nicht so [&hellip;]<\/p>\n","protected":false},"author":1,"featured_media":0,"parent":119,"menu_order":2,"comment_status":"closed","ping_status":"closed","template":"","meta":{"ngg_post_thumbnail":0,"footnotes":""},"class_list":["post-130","page","type-page","status-publish","hentry"],"_links":{"self":[{"href":"https:\/\/antagonist.info\/index.php?rest_route=\/wp\/v2\/pages\/130","targetHints":{"allow":["GET"]}}],"collection":[{"href":"https:\/\/antagonist.info\/index.php?rest_route=\/wp\/v2\/pages"}],"about":[{"href":"https:\/\/antagonist.info\/index.php?rest_route=\/wp\/v2\/types\/page"}],"author":[{"embeddable":true,"href":"https:\/\/antagonist.info\/index.php?rest_route=\/wp\/v2\/users\/1"}],"replies":[{"embeddable":true,"href":"https:\/\/antagonist.info\/index.php?rest_route=%2Fwp%2Fv2%2Fcomments&post=130"}],"version-history":[{"count":1,"href":"https:\/\/antagonist.info\/index.php?rest_route=\/wp\/v2\/pages\/130\/revisions"}],"predecessor-version":[{"id":131,"href":"https:\/\/antagonist.info\/index.php?rest_route=\/wp\/v2\/pages\/130\/revisions\/131"}],"up":[{"embeddable":true,"href":"https:\/\/antagonist.info\/index.php?rest_route=\/wp\/v2\/pages\/119"}],"wp:attachment":[{"href":"https:\/\/antagonist.info\/index.php?rest_route=%2Fwp%2Fv2%2Fmedia&parent=130"}],"curies":[{"name":"wp","href":"https:\/\/api.w.org\/{rel}","templated":true}]}}