{"id":123,"date":"2012-12-26T11:22:37","date_gmt":"2012-12-26T09:22:37","guid":{"rendered":"https:\/\/antagonist.info\/?page_id=123"},"modified":"2012-12-26T11:22:37","modified_gmt":"2012-12-26T09:22:37","slug":"refraktor-fanzine","status":"publish","type":"page","link":"https:\/\/antagonist.info\/?page_id=123","title":{"rendered":"Refraktor Fanzine"},"content":{"rendered":"<p><strong>Aus dem Refraktor Fanzine:<\/strong><\/p>\n<p><em>Wieso habt ihr euch den Bandnamen ANTAGONIST gegeben? Was bedeutet euch der Bandname?<\/em><\/p>\n<p>Auf den Namen sind wir mehr zuf\u00e4llig gekommen aber die Bedeutung die f\u00fcr uns dahintersteht ist schon tiefsinniger, wir stehen n\u00e4mlich f\u00fcr das Gegenteil ein und h\u00e4tten uns vielleicht besser Protagonist genannt, aber so ist\u00b4s besser.<\/p>\n<p><em>Wie seid ihr eigentlich zur Musik gekommen? Und habt ihr euch schon immer Death \u2013 Metal angeh\u00f6rt, oder hat sich das erst im Laufe der Zeit ergeben?<\/em><\/p>\n<p>Wir sind alle im zarten Jugendalter zur Musik gekommen zw.14 u 15, aber keiner von uns hat damals Death \u2013 Metal geh\u00f6rt. Die Ur-Antagonisten sind heute auch gar nicht mehr dabei, die haben sich auch mit 13 -14 schon vom h\u00e4rtesten reingezogen (Immolation, Morbid Angel etc.) und waren dementsprechend beeinflusst.<br \/>\nWir h\u00f6ren auch heute nicht nur Death &#8211; Metal und die Musik die wir machen, machen wir nicht weil wir sagen wir machen jetzt Death \u2013 Metal sondern es ist das was dabei rauskommt, wenn wir uns im Proberaum treffen und einen Song schreiben. Diese art von Musik macht halt einfach spa\u00df<\/p>\n<p><em>ANTAGONIST gibt es ja mittlerweile nun schon \u00fcber 10 Jahre, und bis dato habt ihr ja noch keinen Plattendeal in der Tasche. Entmutigt euch das nicht in irgend einer Weise, oder habt ihr gar nicht den Wunsch nach einen Plattendeal?<\/em><\/p>\n<p>Ein Plattendeal w\u00e4hre nat\u00fcrlich nicht schlecht, aber wir schei\u00dfen die Labels ganz bestimmt nicht mit unseren CD\u00b4s zu. Wir machen es haupts\u00e4chlich weil es uns spa\u00df macht, und nicht um Stars zu werden (obwohl eine gewisse Anerkennung nat\u00fcrlich gef\u00e4llt) wenn ein Label auf uns zukommt und uns ein gutes Angebot macht, w\u00fcrden wir wahrscheinlich nicht nein sagen, weil man dann sicher sein kann das sie es halbwegs ehrlich mit einem meinen.<\/p>\n<p><em>Was sind f\u00fcr euch die gr\u00f6\u00dften Schwierigkeiten, mit denen ihr als Band momentan zu k\u00e4mpfen habt?<\/em><\/p>\n<p>Die Kohlen zu z\u00e4hlen die wir in den letzten Jahren verdie&#8230;Ha Ha :-)) Nein, wir haben ein wenig Zeitnot, weil wir im Sommer einige Auftritte haben und andererseits im Songwriting stecken, da noch dieses Jahr die neue CD rauskommen soll.<\/p>\n<p><em>Euer letztes Album &#8222;Perfect human comprehension&#8220; ist ja nun auch schon wieder drei Jahre auf dem Markt, wann wird es ein neues Album von ANTAGONIST geben?<\/em><\/p>\n<p>Wie gesagt, zu 98,5 % noch in diesem Jahr<\/p>\n<p><em>Wie sind die Reaktionen, Rezensionen auf euer letztes Album ausgefallen? Wie gut hat sich das Album verkaufen lassen?<\/em><\/p>\n<p>Durchweck sind sowohl Resonanzen als auch Verk\u00e4ufe sehr gut ausgefallen entweder wollten die Zines alle nur freundlich sein oder das Album hat ihnen echt gut gefallen. Wir haben sogar Internationale Resonanz bekommen, unter anderem aus Can, Jap, Usa. Denn die Vertriebe mit denen wir zusammen arbeiten, arbeiten teilweise echt ordentlich.<\/p>\n<p><em>Was ist die textliche Basis von &#8222;Perfect human comprehension&#8220;, und durch was werdet ihr beim Texten inspiriert?<\/em><\/p>\n<p>Insoweit mir das zusteht (den unsere Texte werden exklusiv von unserem S\u00e4nger geschrieben) sind es sozialkritische Texte mit vielleicht ein paar Fantasy Einfl\u00fcssen und die Inspiration ist wie so oft das Leben selbst.<\/p>\n<p><em>Ihr habt ja bewusst nicht die Texte im Booklet abgelichtet, sondern zu jeden Song ein Bild ausgew\u00e4hlt. Wie kamt ihr zu dieser Idee und wer hat die Bilder gemalt?<\/em><\/p>\n<p>Ein Bekannter von uns (ROY SEI GEGR\u00dc\u00dfT) zeigte uns seine Selbstgemalten Bilder (Spachtelmalerei) und wir hatten die Idee sie f\u00fcr unsere CD zu verwenden.<\/p>\n<p><em>Wie wichtig ist es euch vor einem Publikum zu spielen? Habt ihr oft die M\u00f6glichkeit Live zu spielen?<\/em><\/p>\n<p>Live zu spielen ist das allergeilste (meistens jedenfalls) und wir sehen auch zu das wir das regelm\u00e4\u00dfig machen.<\/p>\n<p><em>Was geht euch denn so durch denn Kopf, wenn ihr auf der B\u00fchne steht?<\/em><\/p>\n<p>Hoffentlich verspiele ich mich nicht wieder!!!!!!!!<\/p>\n<p><em>Ist euch bei einem Auftritt mal was Bl\u00f6des passiert, was ihr nie mehr vergessen werdet?<\/em><\/p>\n<p>Ein Beispiel f\u00e4llt mir da ein, unserem alten Basser sind mal bei einem Auftritt An DREI B\u00e4ssen die Seiten gerissen und ich denke das wird ein Rekord f\u00fcr Immer bleiben.<\/p>\n<p><em>Mit welchen Dingen besch\u00e4ftigt ihr euch noch so, wenn ihr nicht gerade Musik macht?<\/em><\/p>\n<p>Arbeiten, Umschulungen, Fu\u00dfball, Computer, Musik, Musik, Musik und Videospiele<\/p>\n<p><em>Wie sieht es bei euch in Bremen und der Umgebung mit der Metal Szene aus? Gibt es bei euch Orte (Club, Verein, etc.) wo man sich treffen kann, um gute Musik zu h\u00f6ren?<\/em><\/p>\n<p>Eigentlich gibt es in Bremen nur einen Ort wo man vern\u00fcnftige Musik H\u00f6ren kann und das ist das GATE, eine Metal Disco, f\u00fcr die wir sehr Dankbar sind.<\/p>\n<p><em>Zum Schluss och meine Lieblingsfrage: &#8222;Was isst jeder von euch am liebsten&#8220;<\/em><\/p>\n<p>Icke: Gyros Pita, Mc Donalds<\/p>\n<p>Stefan: Nudeln, Pizza, Baguette<\/p>\n<p>Michel: Fisch, Meeresfr\u00fcchte<\/p>\n<p>Andr\u00e9: Wok, Pizza<\/p>\n<p>Thomas: Pizza, Mutti\u00b4s Kohlrouladen<\/p>\n<p><em>Ich bedanke mich bei euch und w\u00fcnsche euch weiterhin treue Fans und viel Erfolg. Die letzten Worte f\u00fcr dieses Interview k\u00f6nnt ihr an eure Oma`s oder auch an unsere Leser richten, oder Beides.<\/em><\/p>\n<p>Wenn ich richtig informiert bin hat keiner von uns noch eine Oma, aber wir gr\u00fc\u00dfen sie nat\u00fcrlich trotzdem. An Eure Leser sei gerichtet das sie schon mal geil drauf sind weil sie Euer Undergroundmagazin lesen und wenn sie auch noch Undergroundbands H\u00f6ren und ab und zu mal ein Undergroundkonzert besuchen dann ist doch Alles in Ordnung.<\/p>\n<p>Stay Metal Support the UNDERGROUND<\/p>\n","protected":false},"excerpt":{"rendered":"<p>Aus dem Refraktor Fanzine: Wieso habt ihr euch den Bandnamen ANTAGONIST gegeben? Was bedeutet euch der Bandname? Auf den Namen sind wir mehr zuf\u00e4llig gekommen aber die Bedeutung die f\u00fcr uns dahintersteht ist schon tiefsinniger, wir stehen n\u00e4mlich f\u00fcr das Gegenteil ein und h\u00e4tten uns vielleicht besser Protagonist genannt, aber so ist\u00b4s besser. Wie seid [&hellip;]<\/p>\n","protected":false},"author":1,"featured_media":0,"parent":119,"menu_order":0,"comment_status":"closed","ping_status":"closed","template":"","meta":{"ngg_post_thumbnail":0,"footnotes":""},"class_list":["post-123","page","type-page","status-publish","hentry"],"_links":{"self":[{"href":"https:\/\/antagonist.info\/index.php?rest_route=\/wp\/v2\/pages\/123","targetHints":{"allow":["GET"]}}],"collection":[{"href":"https:\/\/antagonist.info\/index.php?rest_route=\/wp\/v2\/pages"}],"about":[{"href":"https:\/\/antagonist.info\/index.php?rest_route=\/wp\/v2\/types\/page"}],"author":[{"embeddable":true,"href":"https:\/\/antagonist.info\/index.php?rest_route=\/wp\/v2\/users\/1"}],"replies":[{"embeddable":true,"href":"https:\/\/antagonist.info\/index.php?rest_route=%2Fwp%2Fv2%2Fcomments&post=123"}],"version-history":[{"count":1,"href":"https:\/\/antagonist.info\/index.php?rest_route=\/wp\/v2\/pages\/123\/revisions"}],"predecessor-version":[{"id":124,"href":"https:\/\/antagonist.info\/index.php?rest_route=\/wp\/v2\/pages\/123\/revisions\/124"}],"up":[{"embeddable":true,"href":"https:\/\/antagonist.info\/index.php?rest_route=\/wp\/v2\/pages\/119"}],"wp:attachment":[{"href":"https:\/\/antagonist.info\/index.php?rest_route=%2Fwp%2Fv2%2Fmedia&parent=123"}],"curies":[{"name":"wp","href":"https:\/\/api.w.org\/{rel}","templated":true}]}}