{"id":11,"date":"2012-12-25T17:44:12","date_gmt":"2012-12-25T15:44:12","guid":{"rendered":"https:\/\/antagonist.info\/?page_id=11"},"modified":"2012-12-26T00:16:05","modified_gmt":"2012-12-25T22:16:05","slug":"downloads","status":"publish","type":"page","link":"https:\/\/antagonist.info\/?page_id=11","title":{"rendered":"Downloads"},"content":{"rendered":"<p>Sollte bei dir der Download mit einem normalen Linksklick nicht funktionieren, nimm bitte die rechte Maustaste und w\u00e4hle im Kontextmen\u00fc &#8222;Ziel speichern unter&#8220;.<\/p>\n<p>Hast du Fragen? <a title=\"Kontakt\" href=\"https:\/\/antagonist.info\/?page_id=5\">Schreib uns eine E-Mail!<\/a><\/p>\n<p><span style=\"text-decoration: underline;\"><strong>W\u00e4hle deine Download Kategorie:<\/strong><\/span><\/p>\n<p><a title=\"Audio \u2013 Alben\" href=\"https:\/\/antagonist.info\/?page_id=31\">Audio Alben<\/a><br \/>\n<a title=\"Audio \u2013 Songs \/ Streams\" href=\"https:\/\/antagonist.info\/?page_id=55\">Audio Songs \/ Streams<\/a><br \/>\n<a title=\"Video\" href=\"https:\/\/antagonist.info\/?page_id=29\">Videos<\/a><br \/>\n<a title=\"Bilder &amp; Bandinfo Bandinfo\" href=\"https:\/\/antagonist.info\/?page_id=91\">Bilder<\/a><\/p>\n","protected":false},"excerpt":{"rendered":"<p>Sollte bei dir der Download mit einem normalen Linksklick nicht funktionieren, nimm bitte die rechte Maustaste und w\u00e4hle im Kontextmen\u00fc &#8222;Ziel speichern unter&#8220;. Hast du Fragen? Schreib uns eine E-Mail! W\u00e4hle deine Download Kategorie: Audio Alben Audio Songs \/ Streams Videos Bilder<\/p>\n","protected":false},"author":1,"featured_media":0,"parent":0,"menu_order":2,"comment_status":"closed","ping_status":"closed","template":"","meta":{"ngg_post_thumbnail":0,"footnotes":""},"class_list":["post-11","page","type-page","status-publish","hentry"],"_links":{"self":[{"href":"https:\/\/antagonist.info\/index.php?rest_route=\/wp\/v2\/pages\/11","targetHints":{"allow":["GET"]}}],"collection":[{"href":"https:\/\/antagonist.info\/index.php?rest_route=\/wp\/v2\/pages"}],"about":[{"href":"https:\/\/antagonist.info\/index.php?rest_route=\/wp\/v2\/types\/page"}],"author":[{"embeddable":true,"href":"https:\/\/antagonist.info\/index.php?rest_route=\/wp\/v2\/users\/1"}],"replies":[{"embeddable":true,"href":"https:\/\/antagonist.info\/index.php?rest_route=%2Fwp%2Fv2%2Fcomments&post=11"}],"version-history":[{"count":20,"href":"https:\/\/antagonist.info\/index.php?rest_route=\/wp\/v2\/pages\/11\/revisions"}],"predecessor-version":[{"id":103,"href":"https:\/\/antagonist.info\/index.php?rest_route=\/wp\/v2\/pages\/11\/revisions\/103"}],"wp:attachment":[{"href":"https:\/\/antagonist.info\/index.php?rest_route=%2Fwp%2Fv2%2Fmedia&parent=11"}],"curies":[{"name":"wp","href":"https:\/\/api.w.org\/{rel}","templated":true}]}}