{"id":108,"date":"2012-12-26T00:20:16","date_gmt":"2012-12-25T22:20:16","guid":{"rendered":"https:\/\/antagonist.info\/?page_id=108"},"modified":"2012-12-26T00:22:45","modified_gmt":"2012-12-25T22:22:45","slug":"reviews-new-zombie-dead","status":"publish","type":"page","link":"https:\/\/antagonist.info\/?page_id=108","title":{"rendered":"Reviews New Zombie Dead"},"content":{"rendered":"<p>Morder Online Mag<\/p>\n<p>Nach dem supergeilen Album PERFECT HUMAN COMPREHENSOIN sind die deutschen endlich mit ihrem neuen Album NEW ZOMBIE DEAD zur\u00fcck.<br \/>\nF\u00fcnf Songs bieten sie auf ihrer neuen CD und wie k\u00f6nnte es auch anders sein, sie er\u00f6ffnen die CD mit einem absoluten Vernichtungsschlag. NEW ZOMBIE DEAD der Titelsong ist es der aus den Boxen donnert. Die deutschen sind in der Zwischenzeit nicht eingerostet und geben immer noch Vollgas. Die Gitarrenriffs sind Aggressiv und rhythmisch betont, ein ganzes Arsenal an spielerische Finessen und Innovativit\u00e4t zeichnet diesen Song aus. Markant und extrem fies wie eh und je ist der Gesang von Michael Simon. Er br\u00fcllt sich durch die Songs und gibt der Musik eine unverkennbare Note. Er schreit konstant und souver\u00e4n, nicht als w\u00fcrde er jeden Moment das Zeitliche segnen. Nach dem Tempo m\u00e4ssig relativ geradlinigen Titelsong ist der zweite Song FADE OUT voll mit emotionalen Schwankungen. Tolle Melodie Passagen, klassisch gespielte Riffs und tolle Schlagzeugeinlagen finden hier ihren Platz. Der Herr an der Gitarre (Stefan Berenthal) liefert einige atemberaubende Gitarrenriffs und Soloparts ab und steigert so, dass eh schon extrem hohe spielerische Niveau der Band in unbeschreibliche Sph\u00e4ren! ANTAGONIST ist eine Band die problemlos einen sechs Minuten Song kreieren kann. Die Ideen die die Herren einbauen sind so gewaltig das jegliche Langeweile im Keim erstickt wird. Noch h\u00e4rter und schneller wird es mit EMBRACE THE FIREBALL, der Killer unter den ANTAGONIST Songs. Die schnellen aggressiven Thrashriffs und der dazu geh\u00f6rige Schlagzeug Beat spaltet einem beinahe den Sch\u00e4del. Dazu kommt der unvergleichliche Gesang, der das ganze abrundet. Mit einer f\u00fcr das menschliche Hirn fassbaren Melodie beginnt der Song MOCCASINS. Wandelt sich dann aber erst mal zu einem Midtempo Song, mutiert dann zu einem Rhythmuskracher um sich dann zu guter letzt im depressiven Suizidbereich fest zu krallen. Inspirativ und Musikalisch auf den H\u00f6hepunkt geht die CD mit SHEFANOW leider viel zu schnell zu ende. Auch zum Schluss geben die deutschen noch mal alles und baut auch hier noch mal das eine oder andere recht \u00fcberraschende Riff ein. ANTAGONIST konnten mich ein weiteres mal voll und ganz \u00fcberzeugen. Spielerisch sind sie sicherlich ein der Highlight der deutschen Metalszene. ANTAGONIST verkn\u00fcpfen wie keine andere Band Ideen und Musikalische Vielfalt. Riff f\u00fcr Riff, Takt f\u00fcr Takt kann mich diese Band begeistern und ich komm aus den Lobes Arien kaum mehr raus. Aber auch Produktionsm\u00e4ssig zeigt man sich auf dem h\u00f6chsten Niveau und der H\u00f6rer muss auch hier keinerlei Abstriche \u00fcber sich ergehen lassen.<\/p>\n<p>1. New Zombie Dead<br \/>\n2. Fade Out<br \/>\n3. Embrace the Fireball<br \/>\n4. Moccasins<br \/>\n5. Shefanow<\/p>\n<p>Fazit:<br \/>\nThrash Metal der vor lauter Inspiration nur so strotzt und dennoch niemals seiner erbarmungslose H\u00e4rte verliert. Ein muss f\u00fcr jeden Metaller! Sofort kaufen, es wird sich lohnen!!!<\/p>\n<p>Vampster Online Mag<\/p>\n<p>Ich dachte schon, die Bremer Formation ANTAGONIST h\u00e4tte l\u00e4ngst das Zeitliche gesegnet. Lange war es still um die Herren aus dem hohen Norden, Aber mit &#8222;New Zombie Dead&#8220; liefern ANTAGONIST wiederum ein eigenproduziertes Lebenszeichen nach dem hervorragenden Deb\u00fct &#8222;Perfect Human Comprehension&#8220; ab.<br \/>\nH\u00f6rten sich die &#8222;Antagonisten&#8220; damals noch stark nach den Florida-Deathern OBITUARY an, ist auf &#8222;New Zombie Dead&#8220; ein gro\u00dfer Thrash Metal-Anteil auszumachen. Beginnend bei S\u00e4nger Michael Simon, der seine Lyrics deutlicher akzentuiert und weniger gegurgelt zum Besten gibt, weisen die Riffs verst\u00e4rkt Thrash-Elemente auf, die sowohl treibend, als auch leicht vertrackt auf den H\u00f6rer prasseln. Aber keine Sorge, ANTAGONIST haben ihre Death Metal-Wurzeln nicht verlassen, sondern verfeinert. Besonders die verschachtelten Gitarrenriffs lassen Erinnerungen an die verblichenen NOCTURNUS aufkommen und dies h\u00f6rt man bei den Ver\u00f6ffentlichungen heutzutage eher selten, da es im Moment einfach nicht im Trend liegt. Das macht die f\u00fcnf Tracks auf &#8222;New Zombie Dead&#8220; umso interessanter und sorgt f\u00fcr hohen Wiedererkennungswert und H\u00f6rgenuss. Nur an der etwas trockenen, aber stets differenzierten, Produktion der Scheibe h\u00e4tte das Quartett etwas verbessern k\u00f6nnen.<br \/>\n&#8222;New Zombie Dead&#8220; macht Spa\u00df und ich bin froh, dass es ANTAGONIST noch gibt.<\/p>\n<p>Haunted Records Webzine<\/p>\n<p>Nach &#8222;Perfect Human Comprehension&#8220; (1999) hauen die Bremer Antagonist jetzt mit &#8222;New Zombie Dead&#8220; eine neue MCD raus. Da mir schon der Vorg\u00e4nger mit seinem eigenwilligen Thrash\/Death Metal gefallen hat, war ich entsprechend gespannt. Und tats\u00e4chlich haben sie es geschafft ihren Stil beizubehalten und trotzdem noch ein paar Neuerungen einzubringen. Die 5 neuen Songs sind insgesamt etwas langsamer gehalten und klingen technischer als die \u00e4lteren St\u00fccke, aber man kann die Band schon wiedererkennen. Vor allem die Saitenfraktion kann sehr schnell \u00fcberzeugen; absolut kein 0-8-15-Geschrammel, sondern gut ausgearbeitete Riffs und Melodien. Auch der Schlagzeuger f\u00fcgt sich mit seinem tighten Drumming sehr gut ein. Und der eigenwillige Gesang von Michael Simon hat mir schon auf &#8222;Perfect&#8230;&#8220; zugesagt, auch wenn er auf der Scheibe noch etwas aggressiver klang. Soweit alles ganz ok, allerdings musste ich mich bei &#8222;New Zombie Dead&#8220; anfangs etwas an den Sound gew\u00f6hnen, da die Songs sehr &#8222;trocken&#8220; produziert wurden. Doch wenn man sich etwas reingeh\u00f6rt hat, erweisst sich dieser Sound doch als sehr songdienlich, da man viele Feinheiten raush\u00f6ren kann wie z.B. die sehr gut gespielten Basslinien. Trotzdem gef\u00e4llt mir der Vorg\u00e4nger im direkten Vergleich noch etwas besser, da man hier noch etwas kompromissloser drauflosgemosht hat. Aber auch &#8222;New Zombie Dead&#8220; kann man jedem empfehlen, der mal wieder Bock auf eine etwas anders klingende Kapelle hat, die musikalisch einiges bietet.<\/p>\n<p>Voices from the dark side<\/p>\n<p>Bremen&#8217;s ANTAGONIST have been around for 10 years already, but this is the first CD I finally get to hear. They&#8217;re playing quite some unique Thrash Metal that reminds me a little of KREATOR because just like Mille and Co., ANTAGONIST are very aware of dynamics: it&#8217;s not only full speed ahead all the time, variety plays an important role here. One has to get accustomed to Michael Simon&#8217;s vocals, though, as well as to the underground production. It&#8217;s not bad at all, just different from what one usually gets and this even turns out to be quite refreshing. What really gives me some trouble are the vocals: the more I listen to &#8222;New Zombie Dead&#8220;, the more Michael gets on my nerves: he should really work on it to make it appear less monotonous: his unique voice sounds okay to me but he&#8217;d really have work out the vocal lines and make them a little more variable. Apart from that: cool CD!<br \/>\nRamon Claassen<\/p>\n<p>Metal1.info Webzine<\/p>\n<p>Die Bremer Antagonist ver\u00f6ffentlichten bereits 1998 ihr Deb\u00fct-Full-Length-Album \u201ePerfect Human Comprehension\u201c und schon 1994 die Mini-CD &#8222;Mosaik&#8220;, die ich aber beide leider nicht kenne. Kurz vor ihrem Auftritt bei der 2002er Ausgabe des Wacken Open Airs nahmen die vier f\u00fcnf neue Songs auf und es entstand diese Mini-CD, die die band allerdings nicht als dirkten Nachfolger sieht, sondern nur als Promo-CD.<\/p>\n<p>Diese beginnt mit dem Titeltrack \u201eNew Zombie Dead\u201c, und der wei\u00df auch gleich zu gefallen. Harte, aggressive und doch melodische Riffs mit mal rhythmischen und mal knallendem Schlagzeug wird hier geboten, wor\u00fcber sich die b\u00f6se gurgelnde Stimme von Michael Simon legt. Sp\u00e4testens beim sehr abwechslungsreichen zweiten Track \u201eFade Out\u201c machen ich auch die Death Metal Roots der norddeutschen Truppe bemerkbar. Auch durch die zahlreichen Breaks und Tempi-Wechsel wird der Song nicht un\u00fcbersichtlich. \u201eEmbrace The Fireball\u201c bringt sehr tiefe Gitarren und viele fiese Headbanging-Parts mit sich, auch hier gibt\u2019s wieder viel Abwechslung.<br \/>\n\u201eMoccasins\u201c ist nach den drei Thrash-Granaten eine willkommene Midtemponummer, die ebenso zu \u00fcberzeugen wei\u00df wie die schnelleren St\u00fccke. Mit dem seltsam betitelten und leider viel zu kurzem \u201eShefanow\u201c geht das Album mit dem besten Song dieser 20-min\u00fctigen Scheibe zu Ende, hier zeigen die Jungs das sie technisch alles andere als unbegabt sind.<\/p>\n<p>Antagonist sind eine band, die sich definitiv vom thrashenden Underground abhebt. Kein 80er-Revival, kein allzu modernes Zeug, einfach etwas au\u00dfergew\u00f6hnlich klingendes mit hohem Wiedererkennungswert. Als Vergleiche habe ich unter anderem Obituary und Kreator schon gelesen, da w\u00e4re ich aber nie drauf gekommen und will Antagonist auch mit keiner anderen Band vergleichen.<br \/>\nAuf neues Material bin ich hier schon sehr gespannt, denn die 20 Minuten dieser MCD sind definitiv zu schnell vorbei.<\/p>\n<p>Bewertung: 7.5<\/p>\n<p>Tracklist:<br \/>\n01. New Zombie Dead<br \/>\n02. Fade Out<br \/>\n03. Embrace The Fireball<br \/>\n04. Moccasins<br \/>\n05. Shefanow<\/p>\n","protected":false},"excerpt":{"rendered":"<p>Morder Online Mag Nach dem supergeilen Album PERFECT HUMAN COMPREHENSOIN sind die deutschen endlich mit ihrem neuen Album NEW ZOMBIE DEAD zur\u00fcck. F\u00fcnf Songs bieten sie auf ihrer neuen CD und wie k\u00f6nnte es auch anders sein, sie er\u00f6ffnen die CD mit einem absoluten Vernichtungsschlag. NEW ZOMBIE DEAD der Titelsong ist es der aus den [&hellip;]<\/p>\n","protected":false},"author":1,"featured_media":0,"parent":98,"menu_order":2,"comment_status":"closed","ping_status":"closed","template":"","meta":{"ngg_post_thumbnail":0,"footnotes":""},"class_list":["post-108","page","type-page","status-publish","hentry"],"_links":{"self":[{"href":"https:\/\/antagonist.info\/index.php?rest_route=\/wp\/v2\/pages\/108","targetHints":{"allow":["GET"]}}],"collection":[{"href":"https:\/\/antagonist.info\/index.php?rest_route=\/wp\/v2\/pages"}],"about":[{"href":"https:\/\/antagonist.info\/index.php?rest_route=\/wp\/v2\/types\/page"}],"author":[{"embeddable":true,"href":"https:\/\/antagonist.info\/index.php?rest_route=\/wp\/v2\/users\/1"}],"replies":[{"embeddable":true,"href":"https:\/\/antagonist.info\/index.php?rest_route=%2Fwp%2Fv2%2Fcomments&post=108"}],"version-history":[{"count":3,"href":"https:\/\/antagonist.info\/index.php?rest_route=\/wp\/v2\/pages\/108\/revisions"}],"predecessor-version":[{"id":110,"href":"https:\/\/antagonist.info\/index.php?rest_route=\/wp\/v2\/pages\/108\/revisions\/110"}],"up":[{"embeddable":true,"href":"https:\/\/antagonist.info\/index.php?rest_route=\/wp\/v2\/pages\/98"}],"wp:attachment":[{"href":"https:\/\/antagonist.info\/index.php?rest_route=%2Fwp%2Fv2%2Fmedia&parent=108"}],"curies":[{"name":"wp","href":"https:\/\/api.w.org\/{rel}","templated":true}]}}