{"id":104,"date":"2012-12-26T00:17:40","date_gmt":"2012-12-25T22:17:40","guid":{"rendered":"https:\/\/antagonist.info\/?page_id=104"},"modified":"2012-12-26T00:23:17","modified_gmt":"2012-12-25T22:23:17","slug":"reviews-phc","status":"publish","type":"page","link":"https:\/\/antagonist.info\/?page_id=104","title":{"rendered":"Reviews PHC"},"content":{"rendered":"<p>Hellion Records<\/p>\n<p>Schon wieder Thrash, J\u00fcrgen gibt mir in letzter Zeit nur Thrash, Thrash und nochmal Thrash. Antagonist vermengen den ihren mit w\u00fcsten Deathmetaleinfl\u00fcssen (a la Asphyx oder so) und bauen zu den Speedparts auch mal welche in niedrigen Geschwindigkeitsregionen ein. Hier darf die Matte gesch\u00fcttelt werden, hier ist Slamdance angesagt, hier gibt es keine Gnade, selbst dann nicht, wenn aus dem Moshpit die ersten blut\u00fcberstr\u00f6mten Gestalten zufrieden grinsend Richtung DRK &#8211; Stand pilgern, um sich verartzten zu lassen. Melodien? Wer will schon Melodien. Na gut, ein paar Gitarrenharmonien haben sich schon eingeschlichen.<br \/>\nOkay? Antagonist aus Bremen zeigen neben den Berlinern Wotan sehr gut den derzeitigen Stand im deutschen Thrashgenre. Nachdem Kreator ja keinen Thrash mehr spielen wollen, mu\u00df hier der Nachwuchs seine Klasse beweisen. Neben ganz klar 80er orientierten Extremacts a la Witchburner und Warhammer gibt es ein paar Acts, die noch mit early 90s Deathmetalelementen spielen und so ihrem Klangspektrum noch eine wunderbare Farbschattierung mehr verleihen, vielleicht die entscheidende. Denn so klingt ihr Material zeitgem\u00e4\u00df brutal und doch traditionell. Bei Antagonist ist es egal, welchen Song man anspielt, jeder ist ein ultraharter, wahnwitziger Klumpen rohen Fleisches, versetzt mit Maden und W\u00fcrmern. Pussygroovemetaller und alle die es werden wollen seien gewarnt, Antagonist sind der Gegenspieler zum M\u00fcllthrash unserer Tage und zeigen f\u00fcr Trendpack kein Pardon. Einer w\u00fcsten Kavallerieattacke gleich reitet das Quintett alle Gegner in Grund und Boden. Dabei scheinen sie mir das eine ums andere Mal von Chuck Schuldiners genialen Death beeinflu\u00dft, was dem H\u00f6rvergn\u00fcgen noch weiter zutr\u00e4glich ist. Deadly Metal mit Stil wird hier geboten und sollte von allen Freaks, die in Blut baden, morgens Gew\u00fcrm und tote Ratten fr\u00fchst\u00fccken und dazu Motor\u00f6l saufen und gerne kleine Kinder \u00e4rgern, geh\u00f6rt werden.<br \/>\nSir Lord Doom<\/p>\n<p>Refraktor Fanzine<\/p>\n<p>Seit Anfang der 90`er Jahre treiben ANTAGONIST aus Bremen im Death\/ Thrash Metal Underground ihr Unwesen. So kann die Band auch schon auf einige Ver\u00f6ffentlichungen zur\u00fcck blicken. Das aktuelle Line-Up von ANTAGONIST sieht wie folgt aus: Michael Simon &#8211; Vocals, Stefan Berenthal &#8211; Gitarre, Ingo Icke &#8211; Gitarre, Thomas Kattwinkel &#8211; Bass und Andre Gertje Jan\u00dfen &#8211; Drums. Mir ist vor kurzem ihr Album \u201ePerfect human comprehension&#8220; in die H\u00e4nde gefallen, welches bereits 1999 ver\u00f6ffentlicht wurde, aber bis dato ihr aktuellstes Werk ist. Zu h\u00f6ren gibt es auf der Scheibe acht ha\u00dferf\u00fcllte Death \/ Thrash Metal Songs zu h\u00f6ren. Dabei geben ANTAGONIST auf \u201ePerfect human comprehension&#8220; alles und spielen sich die Seele vom Leib. Der S\u00e4nger grunzt, kreischt und singt voller Zorn seine Texte, und die vier anderen Mitmusiker k\u00e4mpfen sich an ihren Instrumenten ab. Also eins steht fest, die Jungs von ANTAGONIST lassen keine lange Weile aufkommen. Hier gibt es technisch perfekt gespielten Death Metal<\/p>\n<p>Vampster Online Mag<\/p>\n<p>Jaaa, das wei\u00df zu gefallen. Aus Bremen kommen ANTAGONIST mit einer Death\/ Thrash- Granate oberster Kaj\u00fcte im Gep\u00e4ck. Die Band existiert nun schon seit 10 Jahren, konnten jedoch noch keinen Deal an Land ziehen (was mir eigentlich ziemlich unverst\u00e4ndlich ist, da signt man lieber schlechte Anf\u00e4ngercombos, die nicht mal geradeaus pissen k\u00f6nnen, sorry!). Dies sollte sich aber mit der aktuellen Ver\u00f6ffentlichung \u201ePerfect Human Comprehension\u201c schleunigst \u00e4ndern.<br \/>\nDass es sich hier um erfahrene Musiker handelt merkt man schon nach der ersten Minute. Ein Riffgewitter jagt das andere, untermalt mit den sehr variablen, aggressiven Hate- Vocals von S\u00e4nger Michael Simon. Teilweise erinnert mich der Gesang an Obituarys John Tardy oder alte Benediction.<br \/>\nDer sehr kompakt spielende Schlagzeuger Andre unterstreicht durch powervolles, abwechslungsreiches Drumming den brutalen Stil (aber immer technisch auf einem hohen Niveau) von ANTAGONIST.<br \/>\nDie f\u00fcnf Nordlichter haben mit \u201ePerfect Human Comprehension\u201c eine gelungene Mischung aus 80er Jahre Death\/ Thrash und modernem 90er Sound kreiert. Ein weiteres Highlight im mittlerweile gro\u00dfen Underground- Dschungel. Die 8- Song CD kommt mit einer \u00e4u\u00dferst guten Produktion und professionell aufgemachtem 12- seitigem Farbbooklet daher (leider ohne Texte, welche man jedoch auf der Homepage der Band nachlesen kann).<\/p>\n<p>Abberation<\/p>\n<p>ahhhhhh! Das ist der Hammer !!! Die Bremer Band ist \u00fcbel extrem. Total Thrash Metal der einige Einfl\u00fcsse aus dem Death und Power Metal Bereich integriert ohne dabei v\u00f6llig seine Identit\u00e4t zu verlieren. Es ist schon eher Thrash, aber der wird mit Antagonist v\u00f6llig neu definiert. Da es die Band auch schon wieder 10 Jahre gibt es auch technisch keine schw\u00e4chen, die den Sound auch nur ansatzweise vernichten k\u00f6nnten.Kompromisslos hart, absolut gitarrenorientiert mit wirklich sch\u00f6nen Feinheiten.<br \/>\nFreut Euch auf die paar Gitarrensolis die drin sind, vom Feinsten, wie eine Brise Faust auf\u00b4s N\u00e4schen . Oder die sehr seltenen Melodieb\u00f6gen in leads \u00fcbergehend \u2013 arschgeil! Der Gesang ist auch fett herrlich. Der schwankt zwischen den alten Morgoth \/Marc Grewe und John Tardy \/ Obituary, aber so variabel das die vocals auch als thrashvocals durchgehen Echt beeindruckend.<br \/>\nNa jedenfalls ist das hier ein echte \u201eOhrenweide\u201c. Das die keinen Deal haben, wundert mich schon ein wenig. Auch wenn der 6. und 7. Song etwas schw\u00e4cher ausgefallen ist, da ist die Intention zu schwach sozusagen und beide Songs haben meiner Meinung nach keine so rechte Struktur, aber wen interessierts, wenn man bis Song Nummer 5 voll befriedigt wird und mit Song Nummer 8 gleich wieder den totalen Knaller bekommt, der gleich wieder Solis a la Death oder irgendwelcher hochtechnisierter Progressivbands aufzuweisen hat, die einem gleich wieder den Atem nehmen. \u00dcbrigens: Das St\u00fcck Nr. 8 ist etwas l\u00e4nger ausgefallen ,weil da zwischendrin ein wenig Pause ist \u2013 Ich sag nur \u2013 Kaufen !!! Jetzt und sofort \u2013 Ihr werdet es nicht bereuen !<\/p>\n<p>Carnage Nr. 5<\/p>\n<p>Schnell mit dem Ver\u00f6ffentlichen von CDs waren sie ja noch nie, unsere Bremer Kumpel von ANTAGONIST, schlie\u00dflich liegt ihre Debut-MCD immerhin schon satte 5 Jahre zur\u00fcck, aber was soll\u2019s. Solange dabei nur solche fetten Scheiben wie jetzt der erste vollst\u00e4ndige Longplayer herauskommen, ist mir das auch recht. Die Jungs haben mit \u201aPerfect Human Comprehension\u2019 ein gewaltiges Thrash Brett abgeliefert, welches locker mit bereits etablierten Band mithalten kann, wenn es nicht sogar besser ist.<br \/>\nAuf jeden Fall wurden hier acht g\u00f6ttliche Songs, eingeh\u00fcllt in einen druckvollen Sound, auf den Silberling gepackt, von denen besonders \u201eRecharged\u201c, \u201eThe Traveller\u201c oder \u201eChaos\u201c hervorstechen. Auch die technischen F\u00e4higkeiten der Musiker fallen positiv auf, ohne dabei in st\u00f6render Selbsthudelei auszuarten, sondern sie heben das material eher ab von den Durchschnittsver\u00f6ffentlichungen anderer M\u00f6chtegern Bands. Michel kreischt sich hier in bester Unleashed oder Asphyx-Manier die Seele aus dem Leib, die Gitarristen liefern sich geile Riffgewitter ab, und untermalt wird das ganze schlie\u00dflich noch von Andre dem Tier hinter den Drums und ihrem neuen Basser Thomas, so dass auch die kleinste Soundl\u00fccke gef\u00fcllt wird. Als Bonus (Hiddentrack) wurde dann noch ihr Alltime-Hit \u201eNot Like That\u201c von der MCD \u201aMosaik\u2019 in einer neuen Version am Ende versteckt.<\/p>\n<p>Eternity<\/p>\n<p>Es ist schon erstaunlich, mit welchem Durchhalteverm\u00f6gen Antagonist aus Bremen ausgestattet sind. Aus der Taufe wurde das norddeutsche Quintett schon 1990, doch erst jetzt \u2013 eine ganze Dekade sp\u00e4ter \u2013 liefern sie mit \u201ePerfect human comprehension\u201c ihre Full-Length-Debut ab. Dazwischen war au\u00dfer zwei Promo-Tapes und einer MCD nicht viel. Mit Michael Simon besitzen Antagonist quasi ein Aush\u00e4ngeschild als S\u00e4nger, denn was er an oralem Teppich auf die Musik legt, rechtfertigt die Bezeichnung \u201aHass-Vocals\u2019 auf jeden Fall.<br \/>\nVor allem gewinnt die Band dadurch auch an Wiedererkennungswert. Das selbe trifft meines Empfindens nach auch auf die Musik zu. Zwar nicht innovativ, k\u00e4mpfen sich die F\u00fcnf doch auf hohem Niveau durch ihre acht St\u00fccke. Bissig wie Hunde, die gerade von der Kette gelassen wurden, w\u00fcten sie sich durch ein Thrash\/Death-Gebr\u00e4u, das fern jegliche Retro-Kacke ist, sondern sich durch Aggressivit\u00e4t und eine Hauch Frische auszeichnet. \u201ePerfect human comprehension\u201c geht als gute Referenz f\u00fcr den Deutschen Underground durch. Kai Scheibe<\/p>\n<p>Heavy oder was Nr. 51<\/p>\n<p>Eine \u00dcberraschung der positiven Art liefern uns ANTAGONIST aus dem hohen Norden der Republik. H\u00e4tte gar nicht gedacht, dass es hierzulande noch unbekannte Thrash-Bands gibt, die aus dem Nichts mit einem derart ausgereiften Produkt daherkommen. \u201aPerfect Human Comprehension bietet traditionellen Thrash mit vielen \u00dcberraschungsmomenten, einer auff\u00e4llig guten Instrumentierung und einem S\u00e4nger, der sich mit seiner variablen, gut an die jeweiligen Songs angepassten Stimme klasse ins \u00fcberaus positive Gesamtbild einf\u00fcgt.<br \/>\nDie auf professionellem Standard operierende Klangqualit\u00e4t und die insgesamt f\u00fcr eine Eigenproduktion unglaublich gute Aufmachung lassen die Waagschale endg\u00fcltig auf die ANTAGONIST-Seite kippen. Einzelne Songs herauszugreifen w\u00e4re hier nicht nur sinnlos, sondern auch ungerecht, da es keine Ausf\u00e4lle zu verzeichnen gibt. Dennoch hat nat\u00fcrlich jeder so seine Faves. Mir haben \u201aMisanthropist\u2019 und \u201aNo Mourning\u2019 den Pudel am besten gef\u00f6hnt. Wenn da mal kein Deal an der n\u00e4chsten Ecke lungert&#8230; Arno Hofmann (9 fette Punkte)<\/p>\n<p>Into the warzone<\/p>\n<p>ANTAGONIST bestehen schon etwas l\u00e4nger, um genau zu sein seit 1990. Dem Info zu entnehmen ist, dass man sich damals schon an Bands wie KREATOR und MORGOTH orientierte. Ganz klar liefert man hier ein kerniges kraftvolles Thrash metal Werk ab, was vor Power und Geradlinigkeit nur so stotzt.<br \/>\nANTAGONIST arbeiten sich komplex nach vorn. Bevor man hier dieses Release t\u00e4tigte, nahm man sich auch gleich 3 Jahre Ruhe, was sich auch als Vorteil offerierte. Denn ANTAGONIST kommen frischer und dr\u00fcckender zu Gem\u00fct. Der Gesang formiert sich als ein aggressives und vor allem eigenst\u00e4ndiges Gebr\u00e4u. Des \u00f6fteren werde ich den Gedanken nicht los, dass der S\u00e4nger Michael von ANTAGONIST SICH E HAT ALS EINE EXTREMERE UND NOCH KOMPLEXERE Fortsetzung des TANKARD Fronters Gerre und Martin van Drunen anh\u00f6rt. Was sich nach und nach immer mehr bei mir als korrekt best\u00e4tigt.<br \/>\nDieses Werk steht f\u00fcr kraftvollen Thrash metal aus deutschen Landen. Von technischer spielerischer Art terrorisiert man mit PESTILENCE m\u00e4\u00dfigen Feedback. Was mit dieser 8 Tracker CD bewiesen wird und sich mit teilweise Death metal m\u00e4\u00dfigen Roots vermischt. Technisch und kraftvoller Metal&#8230; \u201evorn in your mind\u201c jawoll. Eine der zukunftstr\u00e4chtigsten Band. All the Best, Metal comes down !!!<\/p>\n<p>Fame of Metal<\/p>\n<p>Nachdem mich die erste CD (Mosaik) nicht unbedingt vom Hocker gehauen hatte, habe ich Perfect Human Comprehension erst mal ins Regal gepackt und mich nicht weiter drum gek\u00fcmmert. Bis dann eines Nachts der ber\u00fchmte Roland von Bremen bewaffnet mit Schwert und Schild bei mir erschienen ist und unmissverst\u00e4ndlich klarmachte, das ich ohne Widerrede sofort die CD in den Schacht schiebe und ein paar nette Worte dazu schreibe und ein Interview in die Wege leite.<br \/>\nManchmal bedarf es doch \u00fcberzeugender Argumente. Perfect Human Comprehension ist ein werterer Beweis daf\u00fcr, dass es in Deutschland eine gut funktionierende Thrash Szene gibt, die leider nur nicht richtig zur Kenntnis genommen wird. Antagonist sind in den alten Wurzeln des Thrash verwurzelt, als Haupteinfl\u00fcsse h\u00f6re ich Exodus, Protector oder Vio-Lence raus, aber auch das ein leichtes Neo-Thrash Interesse vorhanden ist. Pfui, das darf man aber nicht ! doch !<br \/>\nDie Mischung macht\u2019s und da neigt sich die Waagschale eindeutig in Richtung Old School. Allerdings sind Antagonist auch nicht die alles niederwalzenden Dreschflegel, sondern legen schon Wert auf gepflegte Melodien, die in einem vern\u00fcnftigen Verh\u00e4ltnis zur H\u00e4rte stehen. Damit der Genu\u00df der 8 Titel (plus Hiddentrack) noch mehr gesteigert wird, wurde f\u00fcr eine ordentliche Klangqualit\u00e4t gesorgt, die Aufmachung der CD geht auch in Ordnung, mehr kann nun wirklich nicht verlangt werden. Au\u00dfer, dass die CD reichlich gekauft wird !! Peter \u2013 1.75<\/p>\n<p>Legacy 03 \/00<\/p>\n<p>Der ANTAGONIST ist im literarischen Sinne der Gegenspieler des Protagonisten, dem Helden eines literarischen Werkes. In den meisten F\u00e4llen steht dieser stellvertretend f\u00fcr das Schlechte und das Unmoralische. Inwieweit ANTAGONIST diese Gedanken in ihre Namenswahl einbezogen haben, ist mir nicht bekannt.<br \/>\nFakt ist jedoch, dass sie als Fabrikanten deftiger Thrash\/Death Metal-Mucke wohl auch selbst in vielen Gesellschaftsgruppen als Au\u00dfenseiter angesehen werden. Rein musikalisch hat sich der F\u00fcnfer einer Mixtur aus Gruppen wie Death oder Kreator verschrieben, S\u00e4nger Michael Simon tendiert gesanglich eher in Richtung Exodus oder Destruction. Ihre besten Momente haben ANTAGONIST, wenn sie richtig technisch zu Werke gehen. So l\u00e4sst der Schlu\u00dftrack \u201aMindprophets\u2019 sogar geringf\u00fcgige Cynic-Anleihen erkennen und stellt neben dem kurzen und b\u00fcndigen \u201aChaos\u2019 den H\u00f6hepunkt dieser Scheibe dar.<br \/>\nAuch in Sachen Produktion und Aufmachung hat man keine Kosten und M\u00fchen gescheut und legt ein durchwegs gelungenes Gesamtwerk vor. Das einzigste Problem ist wieder einmal die Tatsche, dass ANTAGONIST eben nicht \u201eeine der eigenst\u00e4ndigsten Death-Thrash Formationen des Deutschen Undergrounds\u201c sind, wie es das Info so sch\u00f6n suggeriert. Aber ein fehlendes eigenes Gesicht ist bekanntlich der Makel der meisten Undergroundbands und das soll den \u00fcberwiegend positiven Eindruck nicht schm\u00e4lern. 23,- DM (inkl. P&amp;V) kann man f\u00fcr diese acht Tracks durchaus mal investieren. 9 Punkte<\/p>\n<p>Oblivion<\/p>\n<p>Thrash Metal mit \u00fcberaus r\u00e4udigem Gesang, ganz in der Tradition solch ehemals gro\u00dfartiger Acts wie Kreator, offerieren uns die Bremer Antagonist mit ihrer ersten CD \u201ePerfect Human Comprehension\u201c. Musikalisch und die Produktion betreffend wahrlich erstklassig, ist es vor allem der Gesang, der Antagonist aus der Masse an Bands hervorhebt, denn einen S\u00e4nger, der klingt, als ob man ihm bei den jeweils letzten Silben einer Gesangszeile die Luft abdreht, habe ich in den mittlerweile zwanzig Jahren meiner metallischen Grundlagenforschung noch nie erlebt.<br \/>\nDas Gitarrenduo \u00fcberzeugt nicht nur durch markantes Oldschool-Riffing, sondern wei\u00df auch durch zweistimmige Melodieparts zu gefallen und vom Songwriting agieren Antagonist zweifelsohne in der oberen Liga heftig l\u00e4rmender Nachwuchscombos im deutschsprachigen Raum.<\/p>\n<p>Rock Hard 06 \/ 2000<\/p>\n<p>Wie ungerecht es in diesen Tagen im Underground zugeht, zeigt sich am Beispiel der norddeutschen ANTAGONIST. Da rackert sich das Quintett bereits seit zehn Jahren ab und steht nach diversen Ver\u00f6ffentlichungen in Eigenregie immer noch ohne Label da. W\u00e4ren ANTAGONIST aus Skandinavien oder eines der unz\u00e4hligen (zumeist unn\u00fctzen) Nebenprojekte etablierter Musiker, h\u00e4tte man sie garantiert l\u00e4ngst mit Vertragsangeboten zugeschissen. Doch dem ist leider nicht so.<br \/>\nUnd dabei sind die Nordlichter ganz sicher nicht schlechter \u2013 im Gegenteil! Wer ihre \u201a95er Mini-CD \u201eMosaik\u201c geh\u00f6rt hat, wei\u00df, dass ANTAGONIST schon damals ein Garant f\u00fcr anspruchsvollen Death\/Thrash mit vertrackten Rhythmen und hasserf\u00fcllten Vocals waren. Daran hat sich auch knapp f\u00fcnf Jahre sp\u00e4ter nichts ge\u00e4ndert. Bei einem Gro\u00dfteil des Materials auf \u201ePerfect Human Comprehension\u201c sind Anleihen an Chuck Schuldiners Hauptband Death nicht von der Hand zu weisen (man h\u00f6re sich nur mal \u201aAngry Mob\u2019 an).<br \/>\nANTAGONIST verbinden das Ganz jedoch mit thrashigeren Vocals und klingen dadurch recht eigenst\u00e4ndig. Die Melodie am Ende von \u201aGathering Storm\u2019 erinnert mich sogar ein wenig an \u201aHotel California\u2019 von den Eagles. Keine Ahnung, ob das beabsichtigt war&#8230; Da sich sowohl Produktion als auch Verpackung des Silberlings h\u00f6ren bzw. sehen lassen k\u00f6nnen, sollte die angepeilte Zielgruppe sofort 23 Mark (inkl. Porto) auf die Reise schicken.<br \/>\nFrank St\u00f6ver<\/p>\n<p>Streetcleaner<\/p>\n<p>Eine Mischung aus Thrash und Death Metal spielen diese Jungs aus dem Norden. Die Band besteht seit 1990, wobei man aber von 1996-98 eine kurze Pause einlegen musste, konnte man 1999 dann endlich die erste Full-Length CD auf den Markt bringen. Auf dieser bringt man jetzt guten gitarrenorientierten Thrash mit Death metal Gesang.<br \/>\nLaut Info soll das neue Material geradliniger und um einiges technischer im Gegensatz zum alten sein (leider liegt mir das alte Material nicht vor). Hin und wieder erkennt man leichte Einfl\u00fcsse von Morgoth und Obituary. Interessant ist noch das Booklet, da sind nur einzelne Bruchst\u00fccke zu den Texten abgedruckt, aber zu jedem Text gibt es ein Bild, was die Emotionen und den Inhalt ausdr\u00fccken soll \u2013 da kann sich jeder selbst zu den Texten seine Gedanken machen. Bin mal gespannt, was man von Antagonist noch so h\u00f6rt&#8230;<\/p>\n<p>That\u00b4s Metal<\/p>\n<p>Schon auf dem 2-Song-Advance-Tape zu dieser Scheibe war mir der Song \u201eThe Traveller\u201c (nat\u00fcrlich kein AGENT STEEL Cover) positiv aufgefallen und auch bei dem vollst\u00e4ndigen Album geh\u00f6rt er mit \u201eMisanthropist\u201c zu den Highlights. Die Bremer Band ANTAGONIST setzt bei ihrer Musil voll auf das old school Thrash Pferd und pferd &#8230; \u00e4h&#8230; f\u00e4hrt dabei nicht schlecht.<br \/>\nWer alte SLAYER oder KREATOR mag, der sollte der Band und ihrer Eigenpressung ruhig eine Chance geben, denn auch wenn mir der (etwas an den alten Mille erinnernde) brutale Gesang nicht sonderlich zusagt, bin ich doch \u00fcberrascht mit welcher musikalischen Finesse die Jungs gerade im Gitarrenbereich zu Werke gehen.<br \/>\nSehr melodische Lead Parts sind ebenso zu finden wie gekonnte Breaks. Sowohl auf musikalischen Level, als auch was das Drumherum betrifft muss man ANTAGONIST absolutes Profiniveau zubilligen. Die hervorragend aufgemachten und mit einem druckvollen Sound versehene CD k\u00f6nnt ihr f\u00fcr 23,- DM inkl. Porto bei &#8230;.. bestellen.. We spit on those who choose to pose and thrash with all the rest !<\/p>\n<p>United Forces<\/p>\n<p>Aggression ist Trumpf, bei den Nordlichtern Antagonist, die hier in Form der Songs \u201cRecharged\u201d und \u201cThe Traveller\u201d einen Einblick in ihr Schaffen vermitteln. Der die Songs dominierende Gesang pendelt zwischen alten Violence und gem\u00e4\u00dfigten Death Growls, womit ich ja schon seit jeher meine Probleme habe und auch die handwerklich gut intonierten Songs wechseln mitunter fast sek\u00fcndlich zwischen Power\/Thrash und sogar Death Metal. Wer also entweder nur auf das eine, oder auf das andere musikalische Pferdchen abf\u00e4hrt, d\u00fcrfte bei Antagonist nur sehr bedingt bedient werden, wer allerdings generell auf aggressive Mucke steht, und sich sowohl Overkill, Violence als auch Obituary und meinethalben Morbid angel reinfahren kann, sollte ruhig mal bei der Band nach der wohl mittlerweile ver\u00f6ffentlichten CD nachfragen.<\/p>\n<p>Rumpelkammer Webzine<\/p>\n<p>Zun\u00e4chst einmal m\u00f6chte ich mich auf diesem Wege entschuldigen, dass ich es aus diversen Gr\u00fcnden, die ich hier jetzt lieber nicht erw\u00e4hnen m\u00f6chte, nicht schon viel fr\u00fcher geschafft habe, den nicht mehr ganz taufrischen, aber dennoch aktuellsten Antagonist-Output hier zu reviewen. Sorry Leute!<br \/>\nAntagonist sind schon ein paar Jahre im Gesch\u00e4ft und machen bereits seit 1990 die Gegend in und um Bremen mit ihrem Power-\/Death-\/Thrash-Mix unsicher. Dieses Jahr spielten sie sogar auf dem WOA, wo ich sie mir auch unbedingt anschauen wollte, was aber durch die Einlassproblematik nicht m\u00f6glich war. ein herzliches &#8222;Dankesch\u00f6n&#8220; an dieser Stelle nochmal an dei WOA-Veranstalter.<br \/>\n&#8218;Perfect Human Comprehension&#8216; ist eine musikalische Ohrenweide! Eine echt gelungene Scheibe! Die vier Antagonisten verstehen es wirklich ihre Instrumente zu bedienen. die Gitarrenl\u00e4ufe rei\u00dfen einen mit und die Melodien und das b\u00e4renstarke Drumming schrauben einem beim bangen direkt die R\u00fcbe vom Kopf. Der Sound der Band ist dabei wirklich recht eigenst\u00e4ndig, man erkennt zwar an allen Ecken und Enden den guten alten Thrashmetal der Achtziger, kombiniert das ganze aber mit Death-Metal-Elementen der Chuck Schuldiner (R.I.P.) Band Death und vorz\u00fcglichen Power-Metal Gitarrenparts.<br \/>\nDas einzige was mir an Antagonist nicht wirklich gef\u00e4llt, sind die Sangesk\u00fcnste von Michael Simon, die mir doch ein wenig limitiert erscheinen. Das ganze h\u00f6rt sich f\u00fcr meinen Geschmack so an, als wolle er noch b\u00f6ser klingen, als er wirklich kann. Das ist auf jeden Fall noch ausbauf\u00e4hig, aber das schm\u00e4lert den Gesamteindruck nur ein klein wenig.<br \/>\nAlso alle Death- und Thrashfreaks sollten den Antagonisten mal eine Chance geben. Auf der Homepage erfahrt ihr N\u00e4heres \u00fcber die Band und k\u00f6nnt auch in Erfahrung bringen, wie ihr an das Album rankommt. Also weiter so Jungs!<\/p>\n<p>Mordor Online Mag<\/p>\n<p>Antagonist aus Deutschland sind loss! Kinder zieht Euch alle warm an, den dieses Thrash\/Death Gewitter geht voll ab! Der Gesang ist richtig fies, die Gitarren druckvoll und die Drums geben dem Zuh\u00f6rer den Rest! Vernichtend bahnt sich die Band den Weg durch den ersten Song &#8222;Recharged&#8220;. Nach dem Bass Intro von &#8222;The Traveller&#8220; geht es mit leichtem HC Einschlag weiter. Ein leicher MACHINE HEAD (zu guten Zeiten) Toch ist zu bemerken. Nach dem unser Nacken schon die ersten Probleme aufweist geht es in unvermindertem Tempo weiter, die Jungs B\u00fcgeln sich durch die Songs ohne Luft zu holen. Mittlerweile ist mir auch eingefallen mit wem der Gesang und die Musik vergleichbar ist, OBITUARY. Der zweitletzte Song der CD heisst &#8222;Chaoc&#8220;, es ist der einzige der leicht aus der Reihe tanzt. Aber auch nicht wirklich, den er ist das pure Chaos. Colle Drum Beats und einen Geilen Basseinsatz. Die anderen Songs sind alle in aller bester Death\/Thrash Manier. Zwischen durch gibt&#8217;s gesprochene Passagen in den Liedern was sehr zu guten Dynamik beitr\u00e4gt. Der Sound ist sehr abwechslungsreich und wird nie langeilig. Nicht wie andere Bands aus dieser Sparte, die du nach 30 Sekunden einfach geh\u00f6rt hast, da nichts mehr neues kommt. Antagonist haben die volle Packung Aggressivit\u00e4t und Power. Es wir dich echt vom Hocker hauen!<br \/>\nDiese CD ist ein absolutes muss f\u00fcr&#8230;&#8230; f\u00fcr alle!!! Nein, im ernst, wer gerne guten Thrash h\u00f6rt. Oder auf Death Metal der alten Schule stehet soll hier bedenkenlos zugreifen. Was noch dazukommt ist das erstklassige Booklet, das sagenhafte 10 Seiten umfasst! Auch die Inlays sind vom feinsten, also Kauft leute und unterst\u00fctzt eine Geile Band!<br \/>\n9 von 10 Punkten<\/p>\n","protected":false},"excerpt":{"rendered":"<p>Hellion Records Schon wieder Thrash, J\u00fcrgen gibt mir in letzter Zeit nur Thrash, Thrash und nochmal Thrash. Antagonist vermengen den ihren mit w\u00fcsten Deathmetaleinfl\u00fcssen (a la Asphyx oder so) und bauen zu den Speedparts auch mal welche in niedrigen Geschwindigkeitsregionen ein. Hier darf die Matte gesch\u00fcttelt werden, hier ist Slamdance angesagt, hier gibt es keine [&hellip;]<\/p>\n","protected":false},"author":1,"featured_media":0,"parent":98,"menu_order":1,"comment_status":"closed","ping_status":"closed","template":"","meta":{"ngg_post_thumbnail":0,"footnotes":""},"class_list":["post-104","page","type-page","status-publish","hentry"],"_links":{"self":[{"href":"https:\/\/antagonist.info\/index.php?rest_route=\/wp\/v2\/pages\/104","targetHints":{"allow":["GET"]}}],"collection":[{"href":"https:\/\/antagonist.info\/index.php?rest_route=\/wp\/v2\/pages"}],"about":[{"href":"https:\/\/antagonist.info\/index.php?rest_route=\/wp\/v2\/types\/page"}],"author":[{"embeddable":true,"href":"https:\/\/antagonist.info\/index.php?rest_route=\/wp\/v2\/users\/1"}],"replies":[{"embeddable":true,"href":"https:\/\/antagonist.info\/index.php?rest_route=%2Fwp%2Fv2%2Fcomments&post=104"}],"version-history":[{"count":6,"href":"https:\/\/antagonist.info\/index.php?rest_route=\/wp\/v2\/pages\/104\/revisions"}],"predecessor-version":[{"id":117,"href":"https:\/\/antagonist.info\/index.php?rest_route=\/wp\/v2\/pages\/104\/revisions\/117"}],"up":[{"embeddable":true,"href":"https:\/\/antagonist.info\/index.php?rest_route=\/wp\/v2\/pages\/98"}],"wp:attachment":[{"href":"https:\/\/antagonist.info\/index.php?rest_route=%2Fwp%2Fv2%2Fmedia&parent=104"}],"curies":[{"name":"wp","href":"https:\/\/api.w.org\/{rel}","templated":true}]}}